{"id":79,"date":"2021-06-17T21:38:03","date_gmt":"2021-06-17T21:38:03","guid":{"rendered":"https:\/\/projectrainbow.cookcountyil.gov\/?page_id=79"},"modified":"2021-08-10T14:26:14","modified_gmt":"2021-08-10T14:26:14","slug":"contact-us","status":"publish","type":"page","link":"https:\/\/projectrainbow.cookcountyil.gov\/es\/contact-us\/","title":{"rendered":"Cont\u00e1ctenos"},"content":{"rendered":"<div id=\"fws_69e1cea1a902c\"  data-column-margin=\"default\" data-midnight=\"dark\"  class=\"wpb_row vc_row-fluid vc_row\"  style=\"padding-top: 0px; padding-bottom: 0px; \"><div class=\"row-bg-wrap\" data-bg-animation=\"none\" data-bg-overlay=\"false\"><div class=\"inner-wrap\"><div class=\"row-bg viewport-desktop\"  style=\"\"><\/div><\/div><\/div><div class=\"row_col_wrap_12 col span_12 dark left\">\n\t<div  class=\"vc_col-sm-12 wpb_column column_container vc_column_container col no-extra-padding inherit_tablet inherit_phone\"  data-padding-pos=\"all\" data-has-bg-color=\"false\" data-bg-color=\"\" data-bg-opacity=\"1\" data-animation=\"\" data-delay=\"0\" >\n\t\t<div class=\"vc_column-inner\" >\n\t\t\t<div class=\"wpb_wrapper\">\n\t\t\t\t<div class=\"divider-wrap\" data-alignment=\"default\"><div style=\"height: 25px;\" class=\"divider\"><\/div><\/div>\n\t\t\t<\/div> \n\t\t<\/div>\n\t<\/div> \n<\/div><\/div>\r\n\t\t<div id=\"fws_69e1cea1a93f1\"  data-column-margin=\"default\" data-midnight=\"dark\"  class=\"wpb_row vc_row-fluid vc_row\"  style=\"padding-top: 0px; padding-bottom: 0px; \"><div class=\"row-bg-wrap\" data-bg-animation=\"none\" data-bg-overlay=\"false\"><div class=\"inner-wrap\"><div class=\"row-bg viewport-desktop\"  style=\"\"><\/div><\/div><\/div><div class=\"row_col_wrap_12 col span_12 dark left\">\n\t<div  class=\"vc_col-sm-8 wpb_column column_container vc_column_container col no-extra-padding inherit_tablet inherit_phone\"  data-padding-pos=\"all\" data-has-bg-color=\"false\" data-bg-color=\"\" data-bg-opacity=\"1\" data-animation=\"\" data-delay=\"0\" >\n\t\t<div class=\"vc_column-inner\" >\n\t\t\t<div class=\"wpb_wrapper\">\n\t\t\t\t<h1 style=\"font-size: 38px;text-align: left\" class=\"vc_custom_heading\" >Cont\u00e1ctenos<\/h1><div class=\"divider-wrap\" data-alignment=\"default\"><div style=\"height: 25px;\" class=\"divider\"><\/div><\/div>\r\n<div class=\"wpb_text_column wpb_content_element\" >\r\n\t<div class=\"wpb_wrapper\">\r\n\t\t<p class=\"has-text-align-center\">\u00a1El Proyecto Rainbow del Condado de Cook le encantar\u00eda saber de usted!<\/p>\n<p class=\"has-text-align-center\">No dude en registrarse en nuestro <a href=\"https:\/\/public.govdelivery.com\/accounts\/ILCOOK\/subscriber\/new?topic_id=ILCOOK_220\" target=\"_blank\" rel=\"noreferrer noopener\" data-type=\"URL\" data-id=\"https:\/\/public.govdelivery.com\/accounts\/ILCOOK\/subscriber\/new?topic_id=ILCOOK_220\">Boletin informativo<\/a>, o simplemente env\u00edenos un correo electr\u00f3nico: <a href=\"mailto:rainbow@cookcountyil.gov\" target=\"_blank\" rel=\"noreferrer noopener\">rainbow@cookcountyil.gov<\/a>.<\/p>\n\t<\/div>\r\n<\/div>\r\n\r\n\r\n\r\n\n\t\t\t<\/div> \n\t\t<\/div>\n\t<\/div> \n\n\t<div  class=\"vc_col-sm-4 wpb_column column_container vc_column_container col no-extra-padding inherit_tablet inherit_phone\"  data-padding-pos=\"all\" data-has-bg-color=\"false\" data-bg-color=\"\" data-bg-opacity=\"1\" data-animation=\"\" data-delay=\"0\" >\n\t\t<div class=\"vc_column-inner\" >\n\t\t\t<div class=\"wpb_wrapper\">\n\t\t\t\t<div class=\"img-with-aniamtion-wrap\" data-max-width=\"75%\" data-max-width-mobile=\"default\" data-shadow=\"none\" data-animation=\"fade-in-from-right\" >\r\n      <div class=\"inner\">\r\n        <div class=\"hover-wrap\"> \r\n          <div class=\"hover-wrap-inner\">\r\n            <img loading=\"lazy\" decoding=\"async\" class=\"img-with-animation skip-lazy\" data-delay=\"0\" height=\"385\" width=\"411\" data-animation=\"fade-in-from-right\" src=\"https:\/\/projectrainbow.cookcountyil.gov\/wp-content\/uploads\/2021\/08\/Here.png\" alt=\"\" srcset=\"https:\/\/projectrainbow.cookcountyil.gov\/wp-content\/uploads\/2021\/08\/Here.png 411w, https:\/\/projectrainbow.cookcountyil.gov\/wp-content\/uploads\/2021\/08\/Here-300x281.png 300w, https:\/\/projectrainbow.cookcountyil.gov\/wp-content\/uploads\/2021\/08\/Here-13x12.png 13w\" sizes=\"auto, (max-width: 411px) 100vw, 411px\" \/>\r\n          <\/div>\r\n        <\/div>\r\n      <\/div>\r\n    <\/div>\n\t\t\t<\/div> \n\t\t<\/div>\n\t<\/div> \n<\/div><\/div>","protected":false},"excerpt":{"rendered":"Cont\u00e1ctenos \u00a1Proyecto Rainbow del Condado de Cook le encantar\u00eda saber de usted! No dude en suscribirse a nuestro bolet\u00edn o simplemente env\u00edenos un correo electr\u00f3nico: rainbow@cookcountyil.gov.","protected":false},"author":3,"featured_media":0,"parent":0,"menu_order":0,"comment_status":"closed","ping_status":"closed","template":"","meta":{"footnotes":""},"class_list":["post-79","page","type-page","status-publish"],"yoast_head":"<!-- This site is optimized with the Yoast SEO plugin v25.5 - https:\/\/yoast.com\/wordpress\/plugins\/seo\/ -->\n<title>Contact Us - Project Rainbow<\/title>\n<meta name=\"robots\" content=\"index, follow, max-snippet:-1, max-image-preview:large, max-video-preview:-1\" \/>\n<link rel=\"canonical\" href=\"https:\/\/projectrainbow.cookcountyil.gov\/es\/contact-us\/\" \/>\n<meta property=\"og:locale\" content=\"es_ES\" \/>\n<meta property=\"og:type\" content=\"article\" \/>\n<meta property=\"og:title\" content=\"Contact Us - Project Rainbow\" \/>\n<meta property=\"og:url\" content=\"https:\/\/projectrainbow.cookcountyil.gov\/es\/contact-us\/\" \/>\n<meta property=\"og:site_name\" content=\"Project Rainbow\" \/>\n<meta property=\"article:modified_time\" content=\"2021-08-10T14:26:14+00:00\" \/>\n<meta name=\"twitter:card\" content=\"summary_large_image\" \/>\n<meta name=\"twitter:label1\" content=\"Est. reading time\" \/>\n\t<meta name=\"twitter:data1\" content=\"1 minuto\" \/>\n<script type=\"application\/ld+json\" class=\"yoast-schema-graph\">{\"@context\":\"https:\/\/schema.org\",\"@graph\":[{\"@type\":\"WebPage\",\"@id\":\"https:\/\/projectrainbow.cookcountyil.gov\/contact-us\/\",\"url\":\"https:\/\/projectrainbow.cookcountyil.gov\/contact-us\/\",\"name\":\"Contact Us - Project Rainbow\",\"isPartOf\":{\"@id\":\"https:\/\/projectrainbow.cookcountyil.gov\/#website\"},\"datePublished\":\"2021-06-17T21:38:03+00:00\",\"dateModified\":\"2021-08-10T14:26:14+00:00\",\"breadcrumb\":{\"@id\":\"https:\/\/projectrainbow.cookcountyil.gov\/contact-us\/#breadcrumb\"},\"inLanguage\":\"es\",\"potentialAction\":[{\"@type\":\"ReadAction\",\"target\":[\"https:\/\/projectrainbow.cookcountyil.gov\/contact-us\/\"]}]},{\"@type\":\"BreadcrumbList\",\"@id\":\"https:\/\/projectrainbow.cookcountyil.gov\/contact-us\/#breadcrumb\",\"itemListElement\":[{\"@type\":\"ListItem\",\"position\":1,\"name\":\"Home\",\"item\":\"https:\/\/projectrainbow.cookcountyil.gov\/\"},{\"@type\":\"ListItem\",\"position\":2,\"name\":\"Contact Us\"}]},{\"@type\":\"WebSite\",\"@id\":\"https:\/\/projectrainbow.cookcountyil.gov\/#website\",\"url\":\"https:\/\/projectrainbow.cookcountyil.gov\/\",\"name\":\"Project Rainbow\",\"description\":\"\",\"potentialAction\":[{\"@type\":\"SearchAction\",\"target\":{\"@type\":\"EntryPoint\",\"urlTemplate\":\"https:\/\/projectrainbow.cookcountyil.gov\/?s={search_term_string}\"},\"query-input\":{\"@type\":\"PropertyValueSpecification\",\"valueRequired\":true,\"valueName\":\"search_term_string\"}}],\"inLanguage\":\"es\"}]}<\/script>\n<!-- \/ Yoast SEO plugin. -->","yoast_head_json":{"title":"Contact Us - Project Rainbow","robots":{"index":"index","follow":"follow","max-snippet":"max-snippet:-1","max-image-preview":"max-image-preview:large","max-video-preview":"max-video-preview:-1"},"canonical":"https:\/\/projectrainbow.cookcountyil.gov\/es\/contact-us\/","og_locale":"es_ES","og_type":"article","og_title":"Contact Us - Project Rainbow","og_url":"https:\/\/projectrainbow.cookcountyil.gov\/es\/contact-us\/","og_site_name":"Project Rainbow","article_modified_time":"2021-08-10T14:26:14+00:00","twitter_card":"summary_large_image","twitter_misc":{"Est. reading time":"1 minuto"},"schema":{"@context":"https:\/\/schema.org","@graph":[{"@type":"WebPage","@id":"https:\/\/projectrainbow.cookcountyil.gov\/contact-us\/","url":"https:\/\/projectrainbow.cookcountyil.gov\/contact-us\/","name":"Contact Us - Project Rainbow","isPartOf":{"@id":"https:\/\/projectrainbow.cookcountyil.gov\/#website"},"datePublished":"2021-06-17T21:38:03+00:00","dateModified":"2021-08-10T14:26:14+00:00","breadcrumb":{"@id":"https:\/\/projectrainbow.cookcountyil.gov\/contact-us\/#breadcrumb"},"inLanguage":"es","potentialAction":[{"@type":"ReadAction","target":["https:\/\/projectrainbow.cookcountyil.gov\/contact-us\/"]}]},{"@type":"BreadcrumbList","@id":"https:\/\/projectrainbow.cookcountyil.gov\/contact-us\/#breadcrumb","itemListElement":[{"@type":"ListItem","position":1,"name":"Home","item":"https:\/\/projectrainbow.cookcountyil.gov\/"},{"@type":"ListItem","position":2,"name":"Contact Us"}]},{"@type":"WebSite","@id":"https:\/\/projectrainbow.cookcountyil.gov\/#website","url":"https:\/\/projectrainbow.cookcountyil.gov\/","name":"Proyecto Rainbow","description":"","potentialAction":[{"@type":"SearchAction","target":{"@type":"EntryPoint","urlTemplate":"https:\/\/projectrainbow.cookcountyil.gov\/?s={search_term_string}"},"query-input":{"@type":"PropertyValueSpecification","valueRequired":true,"valueName":"search_term_string"}}],"inLanguage":"es"}]}},"_links":{"self":[{"href":"https:\/\/projectrainbow.cookcountyil.gov\/es\/wp-json\/wp\/v2\/pages\/79","targetHints":{"allow":["GET"]}}],"collection":[{"href":"https:\/\/projectrainbow.cookcountyil.gov\/es\/wp-json\/wp\/v2\/pages"}],"about":[{"href":"https:\/\/projectrainbow.cookcountyil.gov\/es\/wp-json\/wp\/v2\/types\/page"}],"author":[{"embeddable":true,"href":"https:\/\/projectrainbow.cookcountyil.gov\/es\/wp-json\/wp\/v2\/users\/3"}],"replies":[{"embeddable":true,"href":"https:\/\/projectrainbow.cookcountyil.gov\/es\/wp-json\/wp\/v2\/comments?post=79"}],"version-history":[{"count":0,"href":"https:\/\/projectrainbow.cookcountyil.gov\/es\/wp-json\/wp\/v2\/pages\/79\/revisions"}],"wp:attachment":[{"href":"https:\/\/projectrainbow.cookcountyil.gov\/es\/wp-json\/wp\/v2\/media?parent=79"}],"curies":[{"name":"wp","href":"https:\/\/api.w.org\/{rel}","templated":true}]}}