{"id":699,"date":"2021-12-14T22:44:01","date_gmt":"2021-12-14T22:44:01","guid":{"rendered":"https:\/\/projectrainbow.cookcountyil.gov\/?page_id=699"},"modified":"2026-04-03T14:21:38","modified_gmt":"2026-04-03T14:21:38","slug":"lesson-10-the-letter-p","status":"publish","type":"page","link":"https:\/\/projectrainbow.cookcountyil.gov\/es\/lesson-10-the-letter-p\/","title":{"rendered":"Lecci\u00f3n 10 \u2013 La letra P"},"content":{"rendered":"<div id=\"fws_69d58e247b931\"  data-column-margin=\"default\" data-midnight=\"dark\"  class=\"wpb_row vc_row-fluid vc_row\"  style=\"padding-top: 0px; padding-bottom: 0px; \"><div class=\"row-bg-wrap\" data-bg-animation=\"none\" data-bg-overlay=\"false\"><div class=\"inner-wrap\"><div class=\"row-bg viewport-desktop\"  style=\"\"><\/div><\/div><\/div><div class=\"row_col_wrap_12 col span_12 dark left\">\n\t<div  class=\"vc_col-sm-8 wpb_column column_container vc_column_container col no-extra-padding inherit_tablet inherit_phone\"  data-padding-pos=\"all\" data-has-bg-color=\"false\" data-bg-color=\"\" data-bg-opacity=\"1\" data-animation=\"\" data-delay=\"0\" >\n\t\t<div class=\"vc_column-inner\" >\n\t\t\t<div class=\"wpb_wrapper\">\n\t\t\t\t\r\n<div class=\"wpb_text_column wpb_content_element\" >\r\n\t<div class=\"wpb_wrapper\">\r\n\t\t<h1>lecci\u00f3n diez<\/h1>\n<p>&nbsp;<\/p>\n<p>En esta lecci\u00f3n ense\u00f1aremos a ni\u00f1os de 3 a 4 a\u00f1os sobre el alfabeto. Esta lecci\u00f3n durar\u00e1 entre 6 y 8 minutos y se centrar\u00e1 en los siguientes objetivos:<\/p>\n<ol>\n<li>Con la ayuda del maestro, recita el alfabeto.<\/li>\n<li>Con la ayuda del maestro, haga coincidir algunas letras may\u00fasculas y min\u00fasculas del alfabeto.<\/li>\n<li>Con la ayuda del maestro, aislar y pronunciar el sonido inicial en palabras.<\/li>\n<\/ol>\n\t<\/div>\r\n<\/div>\r\n\r\n\r\n\r\n\n\t\t\t<\/div> \n\t\t<\/div>\n\t<\/div> \n\n\t<div  class=\"vc_col-sm-4 wpb_column column_container vc_column_container col no-extra-padding inherit_tablet inherit_phone\"  data-padding-pos=\"all\" data-has-bg-color=\"false\" data-bg-color=\"\" data-bg-opacity=\"1\" data-animation=\"\" data-delay=\"0\" >\n\t\t<div class=\"vc_column-inner\" >\n\t\t\t<div class=\"wpb_wrapper\">\n\t\t\t\t<div class=\"img-with-aniamtion-wrap\" data-max-width=\"100%\" data-max-width-mobile=\"default\" data-shadow=\"none\" data-animation=\"flip-in-vertical\" >\r\n      <div class=\"inner\">\r\n        <div class=\"hover-wrap\"> \r\n          <div class=\"hover-wrap-inner\">\r\n            <img loading=\"lazy\" decoding=\"async\" class=\"img-with-animation skip-lazy\" data-delay=\"0\" height=\"361\" width=\"340\" data-animation=\"flip-in-vertical\" src=\"https:\/\/projectrainbow.cookcountyil.gov\/wp-content\/uploads\/2021\/08\/Congratulations-Dark-Mode-e1628198851282.png\" alt=\"High Five\"  \/>\r\n          <\/div>\r\n        <\/div>\r\n      <\/div>\r\n    <\/div>\n\t\t\t<\/div> \n\t\t<\/div>\n\t<\/div> \n<\/div><\/div>\r\n\t\t<div id=\"fws_69d58e247c37a\"  data-column-margin=\"default\" data-midnight=\"dark\"  class=\"wpb_row vc_row-fluid vc_row\"  style=\"padding-top: 0px; padding-bottom: 0px; \"><div class=\"row-bg-wrap\" data-bg-animation=\"none\" data-bg-overlay=\"false\"><div class=\"inner-wrap\"><div class=\"row-bg viewport-desktop\"  style=\"\"><\/div><\/div><\/div><div class=\"row_col_wrap_12 col span_12 dark left\">\n\t<div  class=\"vc_col-sm-12 wpb_column column_container vc_column_container col no-extra-padding inherit_tablet inherit_phone\"  data-padding-pos=\"all\" data-has-bg-color=\"false\" data-bg-color=\"\" data-bg-opacity=\"1\" data-animation=\"\" data-delay=\"0\" >\n\t\t<div class=\"vc_column-inner\" >\n\t\t\t<div class=\"wpb_wrapper\">\n\t\t\t\t<div class=\"divider-wrap\" data-alignment=\"default\"><div style=\"margin-top: 12.5px; height: 2px; margin-bottom: 12.5px;\" data-width=\"100%\" data-animate=\"\" data-animation-delay=\"\" data-color=\"extra-color-gradient-2\" class=\"divider-border\"><\/div><\/div><div class=\"divider-wrap\" data-alignment=\"default\"><div style=\"height: 25px;\" class=\"divider\"><\/div><\/div>\r\n<div class=\"wpb_text_column wpb_content_element\" >\r\n\t<div class=\"wpb_wrapper\">\r\n\t\t<h2>Contenido extra<\/h2>\n<p>El siguiente es material complementario para su estudiante. \u00a1Hemos incluido videos, libros y material para colorear adicionales para que su estudiante disfrute!<\/p>\n<h3>Videos:<\/h3>\n<ul>\n<li><a href=\"https:\/\/www.youtube.com\/watch?v=stMIusugnvk\" target=\"_blank\" rel=\"noopener\"><span style=\"font-weight: 400;\">La canci\u00f3n de la letra P<\/span><\/a><\/li>\n<li><a href=\"https:\/\/www.youtube.com\/watch?v=R8G3A7GttiI\" target=\"_blank\" rel=\"noopener\"><span style=\"font-weight: 400;\">Letra P Storybots<\/span><\/a><\/li>\n<li><a href=\"https:\/\/www.youtube.com\/watch?v=Rl_D_N1Tsic\" target=\"_blank\" rel=\"noopener\"><span style=\"font-weight: 400;\">la letra p<\/span><\/a><\/li>\n<\/ul>\n<h3>Libros:<\/h3>\n<ul>\n<li><a href=\"https:\/\/youtu.be\/zm27Tp_Rl9Y\" target=\"_blank\" rel=\"noopener\"><span style=\"font-weight: 400;\">El picnic de los cerdos<\/span><\/a><\/li>\n<li><a href=\"https:\/\/youtu.be\/_SqFSNRnBLI\" target=\"_blank\" rel=\"noopener\"><span style=\"font-weight: 400;\">La letra P con Paul el ping\u00fcino <\/span><\/a><\/li>\n<\/ul>\n<h3>Actividades electr\u00f3nicas:<\/h3>\n<ul>\n<li><a href=\"https:\/\/www.starfall.com\/h\/abcs\/letter-p\/?\" target=\"_blank\" rel=\"noopener\"><span style=\"font-weight: 400;\">Lluvia de estrellas \u2013 P<\/span><\/a><\/li>\n<li><a href=\"https:\/\/docs.google.com\/presentation\/d\/1NeSxd9Ytb1T9LPz5ZUMgZRCzvVZqywx1P_uL_aU-tRY\/edit?usp=sharing\" target=\"_blank\" rel=\"noopener\"><span style=\"font-weight: 400;\">Revisi\u00f3n de palabras visuales (1-100)<\/span><\/a><\/li>\n<li><a href=\"https:\/\/docs.google.com\/presentation\/d\/1TIOmc-b_8EUxHvFz_ELZzadRFC-5oalfzQgvq-1KxtI\/edit?usp=sharing\" target=\"_blank\" rel=\"noopener\"><span style=\"font-weight: 400;\">Compromiso interactivo ABC<\/span><\/a><\/li>\n<\/ul>\n<h3>Material imprimible:<\/h3>\n<ul>\n<li><a href=\"https:\/\/drive.google.com\/file\/d\/1_1gcIa1qZXRONsv2lgPclWjb6_n1JEE3\/view?usp=sharing\" target=\"_blank\" rel=\"noopener\"><span style=\"font-weight: 400;\">Letra P<\/span><\/a><\/li>\n<li><a href=\"https:\/\/drive.google.com\/file\/d\/1mMX8J38pGvNZ9Lu2jMPaHi_z2kw5qpj-\/view?usp=sharing\" target=\"_blank\" rel=\"noopener\"><span style=\"font-weight: 400;\">Traza la letra P<\/span><\/a><\/li>\n<li><a href=\"https:\/\/drive.google.com\/file\/d\/1WQoaCjfokOnMACsCLFQHrGR5l1wKxUyh\/view?usp=sharing\" target=\"_blank\" rel=\"noopener\"><span style=\"font-weight: 400;\">Traza la letra p<\/span><\/a><\/li>\n<li><a href=\"https:\/\/drive.google.com\/file\/d\/1dLtIAQjBg_785MhqQ-SnMhNZJLkpMVfq\/view?usp=sharing\" target=\"_blank\" rel=\"noopener\"><span style=\"font-weight: 400;\">Letra P Colorea y Escribe<\/span><\/a><\/li>\n<li><a href=\"https:\/\/drive.google.com\/file\/d\/1pbG9CI1E41UQkNTN1KtUnqhbSScOVlkA\/view?usp=sharing\" target=\"_blank\" rel=\"noopener\"><span style=\"font-weight: 400;\">Letra P Corona<\/span><\/a><\/li>\n<li><a href=\"https:\/\/drive.google.com\/file\/d\/1wVCtJ45GC4cD53bQPhDEAALFo9FZKLDE\/view?usp=sharing\" target=\"_blank\" rel=\"noopener\"><span style=\"font-weight: 400;\">Encuentra la letra P<\/span><\/a><\/li>\n<li><a href=\"https:\/\/drive.google.com\/file\/d\/11obNTTuaPdR6w8ZdUR-2tOdyLtIDhh-u\/view?usp=sharing\" target=\"_blank\" rel=\"noopener\"><span style=\"font-weight: 400;\">Letra P P\u00e1gina Para Colorear<\/span><\/a><\/li>\n<li><a href=\"https:\/\/drive.google.com\/file\/d\/1z_Ir58781Dux-ek30QF3m1JYn5ZLdt6x\/view?usp=sharing\" target=\"_blank\" rel=\"noopener\"><span style=\"font-weight: 400;\">N\u00famero 10 Trazar, Color, Escribir<\/span><\/a><\/li>\n<li><a href=\"https:\/\/drive.google.com\/file\/d\/1lDGAiSSwyOjHVCco_HzMmzuXhJIO-bYO\/view?usp=sharing\" target=\"_blank\" rel=\"noopener\"><span style=\"font-weight: 400;\">N\u00famero 10 Actividad de extensi\u00f3n<\/span><\/a><\/li>\n<li><a href=\"https:\/\/drive.google.com\/file\/d\/1WHK-yxDtbEtJ1YEu85WV4dZMwjUYPjKh\/view?usp=sharing\" target=\"_blank\" rel=\"noopener\"><span style=\"font-weight: 400;\">corona numero 10<\/span><\/a><\/li>\n<\/ul>\n<h3>Material imprimible (ESPA\u00d1OL)<\/h3>\n<ul>\n<li><a href=\"https:\/\/drive.google.com\/file\/d\/1DbZ0sYLVmv47QGUCf66gecrxjUUHU-gS\/view?usp=sharing\" target=\"_blank\" rel=\"noopener\"><span style=\"font-weight: 400;\">N\u00famero 10, traza, colorea, escribe<\/span><\/a><\/li>\n<li><a href=\"https:\/\/drive.google.com\/file\/d\/1rV6Vj4-0EdmKBcVIJ6FMaqdh_dUAHSqt\/view?usp=sharing\" target=\"_blank\" rel=\"noopener\"><span style=\"font-weight: 400;\">Numero 10 actividad de extension<\/span><\/a><\/li>\n<li><a href=\"https:\/\/drive.google.com\/file\/d\/1-jHAUq5_iehGdcPudaOE0yzj7j6rn2Ww\/view?usp=sharing\" target=\"_blank\" rel=\"noopener\"><span style=\"font-weight: 400;\">corona del numero 10<\/span><\/a><\/li>\n<\/ul>\n\t<\/div>\r\n<\/div>\r\n\r\n\r\n\r\n\n\t\t\t<\/div> \n\t\t<\/div>\n\t<\/div> \n<\/div><\/div>","protected":false},"excerpt":{"rendered":"Lecci\u00f3n Diez En esta lecci\u00f3n ense\u00f1aremos a ni\u00f1os de 3-4 a\u00f1os sobre el alfabeto. Esta lecci\u00f3n durar\u00e1 entre 6 y 8 minutos y se centrar\u00e1 en los siguientes objetivos:...","protected":false},"author":4,"featured_media":0,"parent":0,"menu_order":0,"comment_status":"closed","ping_status":"closed","template":"","meta":{"footnotes":""},"class_list":["post-699","page","type-page","status-publish"],"yoast_head":"<!-- This site is optimized with the Yoast SEO plugin v25.5 - https:\/\/yoast.com\/wordpress\/plugins\/seo\/ -->\n<title>Lesson 10 - The Letter P - Project Rainbow<\/title>\n<meta name=\"robots\" content=\"index, follow, max-snippet:-1, max-image-preview:large, max-video-preview:-1\" \/>\n<link rel=\"canonical\" href=\"https:\/\/projectrainbow.cookcountyil.gov\/es\/lesson-10-the-letter-p\/\" \/>\n<meta property=\"og:locale\" content=\"es_ES\" \/>\n<meta property=\"og:type\" content=\"article\" \/>\n<meta property=\"og:title\" content=\"Lesson 10 - The Letter P - Project Rainbow\" \/>\n<meta property=\"og:url\" content=\"https:\/\/projectrainbow.cookcountyil.gov\/es\/lesson-10-the-letter-p\/\" \/>\n<meta property=\"og:site_name\" content=\"Project Rainbow\" \/>\n<meta property=\"article:modified_time\" content=\"2026-04-03T14:21:38+00:00\" \/>\n<meta name=\"twitter:card\" content=\"summary_large_image\" \/>\n<meta name=\"twitter:label1\" content=\"Est. reading time\" \/>\n\t<meta name=\"twitter:data1\" content=\"2 minutos\" \/>\n<script type=\"application\/ld+json\" class=\"yoast-schema-graph\">{\"@context\":\"https:\/\/schema.org\",\"@graph\":[{\"@type\":\"WebPage\",\"@id\":\"https:\/\/projectrainbow.cookcountyil.gov\/lesson-10-the-letter-p\/\",\"url\":\"https:\/\/projectrainbow.cookcountyil.gov\/lesson-10-the-letter-p\/\",\"name\":\"Lesson 10 - The Letter P - Project Rainbow\",\"isPartOf\":{\"@id\":\"https:\/\/projectrainbow.cookcountyil.gov\/#website\"},\"datePublished\":\"2021-12-14T22:44:01+00:00\",\"dateModified\":\"2026-04-03T14:21:38+00:00\",\"breadcrumb\":{\"@id\":\"https:\/\/projectrainbow.cookcountyil.gov\/lesson-10-the-letter-p\/#breadcrumb\"},\"inLanguage\":\"es\",\"potentialAction\":[{\"@type\":\"ReadAction\",\"target\":[\"https:\/\/projectrainbow.cookcountyil.gov\/lesson-10-the-letter-p\/\"]}]},{\"@type\":\"BreadcrumbList\",\"@id\":\"https:\/\/projectrainbow.cookcountyil.gov\/lesson-10-the-letter-p\/#breadcrumb\",\"itemListElement\":[{\"@type\":\"ListItem\",\"position\":1,\"name\":\"Home\",\"item\":\"https:\/\/projectrainbow.cookcountyil.gov\/\"},{\"@type\":\"ListItem\",\"position\":2,\"name\":\"Lesson 10 &#8211; The Letter P\"}]},{\"@type\":\"WebSite\",\"@id\":\"https:\/\/projectrainbow.cookcountyil.gov\/#website\",\"url\":\"https:\/\/projectrainbow.cookcountyil.gov\/\",\"name\":\"Project Rainbow\",\"description\":\"\",\"potentialAction\":[{\"@type\":\"SearchAction\",\"target\":{\"@type\":\"EntryPoint\",\"urlTemplate\":\"https:\/\/projectrainbow.cookcountyil.gov\/?s={search_term_string}\"},\"query-input\":{\"@type\":\"PropertyValueSpecification\",\"valueRequired\":true,\"valueName\":\"search_term_string\"}}],\"inLanguage\":\"es\"}]}<\/script>\n<!-- \/ Yoast SEO plugin. -->","yoast_head_json":{"title":"Lesson 10 - The Letter P - Project Rainbow","robots":{"index":"index","follow":"follow","max-snippet":"max-snippet:-1","max-image-preview":"max-image-preview:large","max-video-preview":"max-video-preview:-1"},"canonical":"https:\/\/projectrainbow.cookcountyil.gov\/es\/lesson-10-the-letter-p\/","og_locale":"es_ES","og_type":"article","og_title":"Lesson 10 - The Letter P - Project Rainbow","og_url":"https:\/\/projectrainbow.cookcountyil.gov\/es\/lesson-10-the-letter-p\/","og_site_name":"Project Rainbow","article_modified_time":"2026-04-03T14:21:38+00:00","twitter_card":"summary_large_image","twitter_misc":{"Est. reading time":"2 minutos"},"schema":{"@context":"https:\/\/schema.org","@graph":[{"@type":"WebPage","@id":"https:\/\/projectrainbow.cookcountyil.gov\/lesson-10-the-letter-p\/","url":"https:\/\/projectrainbow.cookcountyil.gov\/lesson-10-the-letter-p\/","name":"Lesson 10 - The Letter P - Project Rainbow","isPartOf":{"@id":"https:\/\/projectrainbow.cookcountyil.gov\/#website"},"datePublished":"2021-12-14T22:44:01+00:00","dateModified":"2026-04-03T14:21:38+00:00","breadcrumb":{"@id":"https:\/\/projectrainbow.cookcountyil.gov\/lesson-10-the-letter-p\/#breadcrumb"},"inLanguage":"es","potentialAction":[{"@type":"ReadAction","target":["https:\/\/projectrainbow.cookcountyil.gov\/lesson-10-the-letter-p\/"]}]},{"@type":"BreadcrumbList","@id":"https:\/\/projectrainbow.cookcountyil.gov\/lesson-10-the-letter-p\/#breadcrumb","itemListElement":[{"@type":"ListItem","position":1,"name":"Home","item":"https:\/\/projectrainbow.cookcountyil.gov\/"},{"@type":"ListItem","position":2,"name":"Lesson 10 &#8211; The Letter P"}]},{"@type":"WebSite","@id":"https:\/\/projectrainbow.cookcountyil.gov\/#website","url":"https:\/\/projectrainbow.cookcountyil.gov\/","name":"Proyecto Rainbow","description":"","potentialAction":[{"@type":"SearchAction","target":{"@type":"EntryPoint","urlTemplate":"https:\/\/projectrainbow.cookcountyil.gov\/?s={search_term_string}"},"query-input":{"@type":"PropertyValueSpecification","valueRequired":true,"valueName":"search_term_string"}}],"inLanguage":"es"}]}},"_links":{"self":[{"href":"https:\/\/projectrainbow.cookcountyil.gov\/es\/wp-json\/wp\/v2\/pages\/699","targetHints":{"allow":["GET"]}}],"collection":[{"href":"https:\/\/projectrainbow.cookcountyil.gov\/es\/wp-json\/wp\/v2\/pages"}],"about":[{"href":"https:\/\/projectrainbow.cookcountyil.gov\/es\/wp-json\/wp\/v2\/types\/page"}],"author":[{"embeddable":true,"href":"https:\/\/projectrainbow.cookcountyil.gov\/es\/wp-json\/wp\/v2\/users\/4"}],"replies":[{"embeddable":true,"href":"https:\/\/projectrainbow.cookcountyil.gov\/es\/wp-json\/wp\/v2\/comments?post=699"}],"version-history":[{"count":0,"href":"https:\/\/projectrainbow.cookcountyil.gov\/es\/wp-json\/wp\/v2\/pages\/699\/revisions"}],"wp:attachment":[{"href":"https:\/\/projectrainbow.cookcountyil.gov\/es\/wp-json\/wp\/v2\/media?parent=699"}],"curies":[{"name":"wp","href":"https:\/\/api.w.org\/{rel}","templated":true}]}}