{"id":693,"date":"2021-12-14T22:42:49","date_gmt":"2021-12-14T22:42:49","guid":{"rendered":"https:\/\/projectrainbow.cookcountyil.gov\/?page_id=693"},"modified":"2021-12-14T22:42:49","modified_gmt":"2021-12-14T22:42:49","slug":"lesson-8-the-letter-f","status":"publish","type":"page","link":"https:\/\/projectrainbow.cookcountyil.gov\/es\/lesson-8-the-letter-f\/","title":{"rendered":"Lecci\u00f3n 8 \u2013 La letra F"},"content":{"rendered":"<div id=\"fws_69d79d396866c\"  data-column-margin=\"default\" data-midnight=\"dark\"  class=\"wpb_row vc_row-fluid vc_row\"  style=\"padding-top: 0px; padding-bottom: 0px; \"><div class=\"row-bg-wrap\" data-bg-animation=\"none\" data-bg-overlay=\"false\"><div class=\"inner-wrap\"><div class=\"row-bg viewport-desktop\"  style=\"\"><\/div><\/div><\/div><div class=\"row_col_wrap_12 col span_12 dark left\">\n\t<div  class=\"vc_col-sm-8 wpb_column column_container vc_column_container col no-extra-padding inherit_tablet inherit_phone\"  data-padding-pos=\"all\" data-has-bg-color=\"false\" data-bg-color=\"\" data-bg-opacity=\"1\" data-animation=\"\" data-delay=\"0\" >\n\t\t<div class=\"vc_column-inner\" >\n\t\t\t<div class=\"wpb_wrapper\">\n\t\t\t\t\r\n<div class=\"wpb_text_column wpb_content_element\" >\r\n\t<div class=\"wpb_wrapper\">\r\n\t\t<h1>lecci\u00f3n ocho<\/h1>\n<p>&nbsp;<\/p>\n<p>En esta lecci\u00f3n ense\u00f1aremos a ni\u00f1os de 3 a 4 a\u00f1os sobre el alfabeto. Esta lecci\u00f3n durar\u00e1 entre 6 y 8 minutos y se centrar\u00e1 en los siguientes objetivos:<\/p>\n<ol>\n<li>Con la ayuda del maestro, recita el alfabeto.<\/li>\n<li>Con la ayuda del maestro, haga coincidir algunas letras may\u00fasculas y min\u00fasculas del alfabeto.<\/li>\n<li>Con la ayuda del maestro, aislar y pronunciar el sonido inicial en palabras.<\/li>\n<\/ol>\n\t<\/div>\r\n<\/div>\r\n\r\n\r\n\r\n\n\t\t\t<\/div> \n\t\t<\/div>\n\t<\/div> \n\n\t<div  class=\"vc_col-sm-4 wpb_column column_container vc_column_container col no-extra-padding inherit_tablet inherit_phone\"  data-padding-pos=\"all\" data-has-bg-color=\"false\" data-bg-color=\"\" data-bg-opacity=\"1\" data-animation=\"\" data-delay=\"0\" >\n\t\t<div class=\"vc_column-inner\" >\n\t\t\t<div class=\"wpb_wrapper\">\n\t\t\t\t<div class=\"img-with-aniamtion-wrap\" data-max-width=\"100%\" data-max-width-mobile=\"default\" data-shadow=\"none\" data-animation=\"flip-in-vertical\" >\r\n      <div class=\"inner\">\r\n        <div class=\"hover-wrap\"> \r\n          <div class=\"hover-wrap-inner\">\r\n            <img loading=\"lazy\" decoding=\"async\" class=\"img-with-animation skip-lazy\" data-delay=\"0\" height=\"403\" width=\"339\" data-animation=\"flip-in-vertical\" src=\"https:\/\/projectrainbow.cookcountyil.gov\/wp-content\/uploads\/2021\/08\/Wave.png\" alt=\"\" srcset=\"https:\/\/projectrainbow.cookcountyil.gov\/wp-content\/uploads\/2021\/08\/Wave.png 339w, https:\/\/projectrainbow.cookcountyil.gov\/wp-content\/uploads\/2021\/08\/Wave-252x300.png 252w, https:\/\/projectrainbow.cookcountyil.gov\/wp-content\/uploads\/2021\/08\/Wave-10x12.png 10w\" sizes=\"auto, (max-width: 339px) 100vw, 339px\" \/>\r\n          <\/div>\r\n        <\/div>\r\n      <\/div>\r\n    <\/div>\n\t\t\t<\/div> \n\t\t<\/div>\n\t<\/div> \n<\/div><\/div>\r\n\t\t<div id=\"fws_69d79d39693e9\"  data-column-margin=\"default\" data-midnight=\"dark\"  class=\"wpb_row vc_row-fluid vc_row\"  style=\"padding-top: 0px; padding-bottom: 0px; \"><div class=\"row-bg-wrap\" data-bg-animation=\"none\" data-bg-overlay=\"false\"><div class=\"inner-wrap\"><div class=\"row-bg viewport-desktop\"  style=\"\"><\/div><\/div><\/div><div class=\"row_col_wrap_12 col span_12 dark left\">\n\t<div  class=\"vc_col-sm-12 wpb_column column_container vc_column_container col no-extra-padding inherit_tablet inherit_phone\"  data-padding-pos=\"all\" data-has-bg-color=\"false\" data-bg-color=\"\" data-bg-opacity=\"1\" data-animation=\"\" data-delay=\"0\" >\n\t\t<div class=\"vc_column-inner\" >\n\t\t\t<div class=\"wpb_wrapper\">\n\t\t\t\t<div class=\"divider-wrap\" data-alignment=\"default\"><div style=\"margin-top: 12.5px; height: 2px; margin-bottom: 12.5px;\" data-width=\"100%\" data-animate=\"\" data-animation-delay=\"\" data-color=\"extra-color-gradient-2\" class=\"divider-border\"><\/div><\/div><div class=\"divider-wrap\" data-alignment=\"default\"><div style=\"height: 25px;\" class=\"divider\"><\/div><\/div>\r\n<div class=\"wpb_text_column wpb_content_element\" >\r\n\t<div class=\"wpb_wrapper\">\r\n\t\t<p><iframe loading=\"lazy\" title=\"Proyecto Rainbow - La letra F\" width=\"1080\" height=\"608\" src=\"https:\/\/www.youtube.com\/embed\/D_JaCeCwT_Y?list=PL8GKxgb3LyNez6eQhoJCu5sJX5xDCkMQt\" frameborder=\"0\" allow=\"accelerometer; autoplay; clipboard-write; encrypted-media; gyroscope; picture-in-picture\" allowfullscreen><\/iframe><\/p>\n<h2>Contenido extra<\/h2>\n<p>El siguiente es material complementario para su estudiante. \u00a1Hemos incluido videos, libros y material para colorear adicionales para que su estudiante disfrute!<\/p>\n<h3>Videos:<\/h3>\n<ul>\n<li><a href=\"https:\/\/www.youtube.com\/watch?v=PzK0-VSZPd4\" target=\"_blank\" rel=\"noopener\"><span style=\"font-weight: 400;\">La canci\u00f3n de la letra F<\/span><\/a><\/li>\n<li><a href=\"https:\/\/www.youtube.com\/watch?v=armfqBwUv5o\" target=\"_blank\" rel=\"noopener\"><span style=\"font-weight: 400;\">Letra F Storybots<\/span><\/a><\/li>\n<li><a href=\"https:\/\/www.youtube.com\/watch?v=N8e_Oh314Ds\" target=\"_blank\" rel=\"noopener\"><span style=\"font-weight: 400;\">\u00a1F es divertido!<\/span><\/a><\/li>\n<\/ul>\n<h3>Libros:<\/h3>\n<ul>\n<li><a href=\"https:\/\/www.bing.com\/videos\/search?q=Are+you+my+mother+read+in+spanish&amp;&amp;view=detail&amp;mid=C70D733584FF6F74DCB5C70D733584FF6F74DCB5&amp;&amp;FORM=VDRVRV\" target=\"_blank\" rel=\"noopener\">Pez arcoiris (ingl\u00e9s)<\/a><\/li>\n<li><a href=\"https:\/\/www.bing.com\/videos\/search?view=detail&amp;mid=BD7BD1A9E61A52F6FFD3BD7BD1A9E61A52F6FFD3&amp;q=Are%20you%20my%20mother%20read%20in%20spanish&amp;shtp=GetUrl&amp;shid=a0635052-e750-445f-aaaa-bd1d7e8f9c24&amp;shtk=RUwgUEVaIEFSQ08gSVJJUyB8IFRIRSBSQUlOQk9XIEZJU0ggfCBCSUxJTkdVQUwgQk9PS1MgRk9SIEtJRFMgfCBTUEFOSVNIICYgRU5HTElTSA%3D%3D&amp;shdk=QW1hem9uIGxpbmsgdG8gcHVyY2hhc2UgYm9vazogaHR0cHM6Ly9hbXpuLnRvLzM1YzdJaG4gRU5HTElTSDogSEkhIFdlbGNvbWUgdG8gbXkgY2hhbm5lbDogUkVBRCBJVCBBR0FJTiEgRWwgUGV6IEFyY28gSXJpcyB8IFRoZSBSYWluYm93IEZpc2ggYnkgTWFyY3VzIFBmaXN0ZXIgaXMgYSBiaWxpbmd1YWwgYm9vayB3cml0dGVuIGluIEVuZ2xpc2ggYW5kIFNwYW5pc2guIFRoZSBib29rIGlzIGFib3V0IGEgZmlzaCB3aXRoIGJlYXV0aWZ1bCBzaGlubmluZyBzY2FsZXMgbGVhcm5pbmcgdG8gc2hhcmUgaGlzIHNjYWxlcyBzbyBoZSBjYW4gbWFrZSBmcmllbmRzIHdpdGggdGhlIG90aGVyIGZpc2guIEl0IGlzIC4uLg%3D%3D&amp;shhk=oIcwEN0Xdpjlykht494fA%2BYaeFC20CVRcLIC3KtsLHU%3D&amp;form=VDSHOT&amp;shth=OVP.IpbD7fD4q6BETQiFDN9vSgHgFo\" target=\"_blank\" rel=\"noopener\"><span style=\"font-weight: 400;\">Pez arcoiris (espa\u00f1ol)<\/span><\/a><\/li>\n<\/ul>\n<h3>Actividades electr\u00f3nicas:<\/h3>\n<ul>\n<li><a href=\"https:\/\/www.starfall.com\/h\/abcs\/letter-f\/?mg=k\" target=\"_blank\" rel=\"noopener\"><span style=\"font-weight: 400;\">Lluvia de estrellas \u2013 F<\/span><\/a><\/li>\n<li><a href=\"https:\/\/docs.google.com\/presentation\/d\/1NeSxd9Ytb1T9LPz5ZUMgZRCzvVZqywx1P_uL_aU-tRY\/edit?usp=sharing\" target=\"_blank\" rel=\"noopener\"><span style=\"font-weight: 400;\">Revisi\u00f3n de palabras visuales (1-100)<\/span><\/a><\/li>\n<li><a href=\"https:\/\/docs.google.com\/presentation\/d\/1TIOmc-b_8EUxHvFz_ELZzadRFC-5oalfzQgvq-1KxtI\/edit?usp=sharing\" target=\"_blank\" rel=\"noopener\"><span style=\"font-weight: 400;\">Compromiso interactivo ABC<\/span><\/a><\/li>\n<\/ul>\n<h3>Material imprimible:<\/h3>\n<ul>\n<li><a href=\"https:\/\/drive.google.com\/file\/d\/1csCMh5g9eADUDxLRmA9Qx1tQevAa9jUz\/view?usp=sharing\" target=\"_blank\" rel=\"noopener\"><span style=\"font-weight: 400;\">Letra F<\/span><\/a><\/li>\n<li><a href=\"https:\/\/drive.google.com\/file\/d\/1CTU0s9Ul_Y-Y6F2sfYk21n75H6fyhVCk\/view?usp=sharing\" target=\"_blank\" rel=\"noopener\"><span style=\"font-weight: 400;\">Traza la letra F<\/span><\/a><\/li>\n<li><a href=\"https:\/\/drive.google.com\/file\/d\/1wzEM8bDUhUz7cFXfofNuHhPOUZ7DGaG8\/view?usp=sharing\" target=\"_blank\" rel=\"noopener\"><span style=\"font-weight: 400;\">Traza la letra f<\/span><\/a><\/li>\n<li><a href=\"https:\/\/drive.google.com\/file\/d\/19JED1HELsoNx-UiYsB2Bv_I7qzKiQFgD\/view?usp=sharing\" target=\"_blank\" rel=\"noopener\"><span style=\"font-weight: 400;\">Letra F Colorea y Escribe<\/span><\/a><\/li>\n<li><a href=\"https:\/\/drive.google.com\/file\/d\/1m1ZMZ5nWK4z3jdtBkZ-MZGT2BRSxdx5p\/view?usp=sharing\" target=\"_blank\" rel=\"noopener\"><span style=\"font-weight: 400;\">Letra F Corona<\/span><\/a><\/li>\n<li><a href=\"https:\/\/drive.google.com\/file\/d\/1igeiNE4kNxCfqYp53iIcRJhFGNhWjDsK\/view?usp=sharing\" target=\"_blank\" rel=\"noopener\"><span style=\"font-weight: 400;\">Encuentra la letra F<\/span><\/a><\/li>\n<li><a href=\"https:\/\/drive.google.com\/file\/d\/1Sht_zHIR8bfoJq0QyIyB0sdnSNoMhg2q\/view?usp=sharing\" target=\"_blank\" rel=\"noopener\"><span style=\"font-weight: 400;\">Letra F P\u00e1gina Para Colorear<\/span><\/a><\/li>\n<li><a href=\"https:\/\/drive.google.com\/file\/d\/1ZOcfXwomJppar7fEvg1z9pK1NNHQcy_h\/view?usp=sharing\" target=\"_blank\" rel=\"noopener\"><span style=\"font-weight: 400;\">N\u00famero 8 Trazar, Color, Escribir<\/span><\/a><\/li>\n<li><a href=\"https:\/\/drive.google.com\/file\/d\/1jGEdsafMaE74fERf8Nb1Ky9l8IPt3d9d\/view?usp=sharing\" target=\"_blank\" rel=\"noopener\"><span style=\"font-weight: 400;\">Actividad de extensi\u00f3n n\u00famero 8<\/span><\/a><\/li>\n<li><a href=\"https:\/\/drive.google.com\/file\/d\/1vVS06OBu_f2hLzRBBO5PQGI1eTdnaD17\/view?usp=sharing\" target=\"_blank\" rel=\"noopener\"><span style=\"font-weight: 400;\">Corona n\u00famero 8<\/span><\/a><\/li>\n<\/ul>\n<h3>Material imprimible (ESPA\u00d1OL)<\/h3>\n<ul>\n<li><a href=\"https:\/\/drive.google.com\/file\/d\/1NhFrNQZYZEJdXcq6sz36Dkhrt_QmoZk9\/view?usp=sharing\" target=\"_blank\" rel=\"noopener\"><span style=\"font-weight: 400;\">N\u00famero 8, traza, colorea, escribe<\/span><\/a><\/li>\n<li><a href=\"https:\/\/drive.google.com\/file\/d\/1W---J-V4ICAD1zpG1Sq8BPbi1oX09GuJ\/view?usp=sharing\" target=\"_blank\" rel=\"noopener\"><span style=\"font-weight: 400;\">N\u00famero 8 actividad de extensi\u00f3n<\/span><\/a><\/li>\n<li><a href=\"https:\/\/drive.google.com\/file\/d\/1hTun-1uzheSC9BQV4gZvVNMbu0GpONHI\/view?usp=sharing\" target=\"_blank\" rel=\"noopener\"><span style=\"font-weight: 400;\">corona del n\u00famero 8<\/span><\/a><\/li>\n<\/ul>\n\t<\/div>\r\n<\/div>\r\n\r\n\r\n\r\n\n\t\t\t<\/div> \n\t\t<\/div>\n\t<\/div> \n<\/div><\/div>","protected":false},"excerpt":{"rendered":"Lecci\u00f3n Ocho En esta lecci\u00f3n ense\u00f1aremos a ni\u00f1os de 3-4 a\u00f1os sobre el alfabeto. Esta lecci\u00f3n durar\u00e1 entre 6 y 8 minutos y se centrar\u00e1 en los siguientes objetivos:...","protected":false},"author":4,"featured_media":0,"parent":0,"menu_order":0,"comment_status":"closed","ping_status":"closed","template":"","meta":{"footnotes":""},"class_list":["post-693","page","type-page","status-publish"],"yoast_head":"<!-- This site is optimized with the Yoast SEO plugin v25.5 - https:\/\/yoast.com\/wordpress\/plugins\/seo\/ -->\n<title>Lesson 8 - The Letter F - Project Rainbow<\/title>\n<meta name=\"robots\" content=\"index, follow, max-snippet:-1, max-image-preview:large, max-video-preview:-1\" \/>\n<link rel=\"canonical\" href=\"https:\/\/projectrainbow.cookcountyil.gov\/es\/lesson-8-the-letter-f\/\" \/>\n<meta property=\"og:locale\" content=\"es_ES\" \/>\n<meta property=\"og:type\" content=\"article\" \/>\n<meta property=\"og:title\" content=\"Lesson 8 - The Letter F - Project Rainbow\" \/>\n<meta property=\"og:url\" content=\"https:\/\/projectrainbow.cookcountyil.gov\/es\/lesson-8-the-letter-f\/\" \/>\n<meta property=\"og:site_name\" content=\"Project Rainbow\" \/>\n<meta name=\"twitter:card\" content=\"summary_large_image\" \/>\n<meta name=\"twitter:label1\" content=\"Est. reading time\" \/>\n\t<meta name=\"twitter:data1\" content=\"2 minutos\" \/>\n<script type=\"application\/ld+json\" class=\"yoast-schema-graph\">{\"@context\":\"https:\/\/schema.org\",\"@graph\":[{\"@type\":\"WebPage\",\"@id\":\"https:\/\/projectrainbow.cookcountyil.gov\/lesson-8-the-letter-f\/\",\"url\":\"https:\/\/projectrainbow.cookcountyil.gov\/lesson-8-the-letter-f\/\",\"name\":\"Lesson 8 - The Letter F - Project Rainbow\",\"isPartOf\":{\"@id\":\"https:\/\/projectrainbow.cookcountyil.gov\/#website\"},\"datePublished\":\"2021-12-14T22:42:49+00:00\",\"breadcrumb\":{\"@id\":\"https:\/\/projectrainbow.cookcountyil.gov\/lesson-8-the-letter-f\/#breadcrumb\"},\"inLanguage\":\"es\",\"potentialAction\":[{\"@type\":\"ReadAction\",\"target\":[\"https:\/\/projectrainbow.cookcountyil.gov\/lesson-8-the-letter-f\/\"]}]},{\"@type\":\"BreadcrumbList\",\"@id\":\"https:\/\/projectrainbow.cookcountyil.gov\/lesson-8-the-letter-f\/#breadcrumb\",\"itemListElement\":[{\"@type\":\"ListItem\",\"position\":1,\"name\":\"Home\",\"item\":\"https:\/\/projectrainbow.cookcountyil.gov\/\"},{\"@type\":\"ListItem\",\"position\":2,\"name\":\"Lesson 8 &#8211; The Letter F\"}]},{\"@type\":\"WebSite\",\"@id\":\"https:\/\/projectrainbow.cookcountyil.gov\/#website\",\"url\":\"https:\/\/projectrainbow.cookcountyil.gov\/\",\"name\":\"Project Rainbow\",\"description\":\"\",\"potentialAction\":[{\"@type\":\"SearchAction\",\"target\":{\"@type\":\"EntryPoint\",\"urlTemplate\":\"https:\/\/projectrainbow.cookcountyil.gov\/?s={search_term_string}\"},\"query-input\":{\"@type\":\"PropertyValueSpecification\",\"valueRequired\":true,\"valueName\":\"search_term_string\"}}],\"inLanguage\":\"es\"}]}<\/script>\n<!-- \/ Yoast SEO plugin. -->","yoast_head_json":{"title":"Lesson 8 - The Letter F - Project Rainbow","robots":{"index":"index","follow":"follow","max-snippet":"max-snippet:-1","max-image-preview":"max-image-preview:large","max-video-preview":"max-video-preview:-1"},"canonical":"https:\/\/projectrainbow.cookcountyil.gov\/es\/lesson-8-the-letter-f\/","og_locale":"es_ES","og_type":"article","og_title":"Lesson 8 - The Letter F - Project Rainbow","og_url":"https:\/\/projectrainbow.cookcountyil.gov\/es\/lesson-8-the-letter-f\/","og_site_name":"Project Rainbow","twitter_card":"summary_large_image","twitter_misc":{"Est. reading time":"2 minutos"},"schema":{"@context":"https:\/\/schema.org","@graph":[{"@type":"WebPage","@id":"https:\/\/projectrainbow.cookcountyil.gov\/lesson-8-the-letter-f\/","url":"https:\/\/projectrainbow.cookcountyil.gov\/lesson-8-the-letter-f\/","name":"Lesson 8 - The Letter F - Project Rainbow","isPartOf":{"@id":"https:\/\/projectrainbow.cookcountyil.gov\/#website"},"datePublished":"2021-12-14T22:42:49+00:00","breadcrumb":{"@id":"https:\/\/projectrainbow.cookcountyil.gov\/lesson-8-the-letter-f\/#breadcrumb"},"inLanguage":"es","potentialAction":[{"@type":"ReadAction","target":["https:\/\/projectrainbow.cookcountyil.gov\/lesson-8-the-letter-f\/"]}]},{"@type":"BreadcrumbList","@id":"https:\/\/projectrainbow.cookcountyil.gov\/lesson-8-the-letter-f\/#breadcrumb","itemListElement":[{"@type":"ListItem","position":1,"name":"Home","item":"https:\/\/projectrainbow.cookcountyil.gov\/"},{"@type":"ListItem","position":2,"name":"Lesson 8 &#8211; The Letter F"}]},{"@type":"WebSite","@id":"https:\/\/projectrainbow.cookcountyil.gov\/#website","url":"https:\/\/projectrainbow.cookcountyil.gov\/","name":"Proyecto Rainbow","description":"","potentialAction":[{"@type":"SearchAction","target":{"@type":"EntryPoint","urlTemplate":"https:\/\/projectrainbow.cookcountyil.gov\/?s={search_term_string}"},"query-input":{"@type":"PropertyValueSpecification","valueRequired":true,"valueName":"search_term_string"}}],"inLanguage":"es"}]}},"_links":{"self":[{"href":"https:\/\/projectrainbow.cookcountyil.gov\/es\/wp-json\/wp\/v2\/pages\/693","targetHints":{"allow":["GET"]}}],"collection":[{"href":"https:\/\/projectrainbow.cookcountyil.gov\/es\/wp-json\/wp\/v2\/pages"}],"about":[{"href":"https:\/\/projectrainbow.cookcountyil.gov\/es\/wp-json\/wp\/v2\/types\/page"}],"author":[{"embeddable":true,"href":"https:\/\/projectrainbow.cookcountyil.gov\/es\/wp-json\/wp\/v2\/users\/4"}],"replies":[{"embeddable":true,"href":"https:\/\/projectrainbow.cookcountyil.gov\/es\/wp-json\/wp\/v2\/comments?post=693"}],"version-history":[{"count":0,"href":"https:\/\/projectrainbow.cookcountyil.gov\/es\/wp-json\/wp\/v2\/pages\/693\/revisions"}],"wp:attachment":[{"href":"https:\/\/projectrainbow.cookcountyil.gov\/es\/wp-json\/wp\/v2\/media?parent=693"}],"curies":[{"name":"wp","href":"https:\/\/api.w.org\/{rel}","templated":true}]}}