{"id":690,"date":"2021-12-14T22:42:17","date_gmt":"2021-12-14T22:42:17","guid":{"rendered":"https:\/\/projectrainbow.cookcountyil.gov\/?page_id=690"},"modified":"2021-12-14T22:42:17","modified_gmt":"2021-12-14T22:42:17","slug":"lesson-7-the-letter-b","status":"publish","type":"page","link":"https:\/\/projectrainbow.cookcountyil.gov\/es\/lesson-7-the-letter-b\/","title":{"rendered":"Lecci\u00f3n 7 \u2013 La letra B"},"content":{"rendered":"<div id=\"fws_69d79d396866c\"  data-column-margin=\"default\" data-midnight=\"dark\"  class=\"wpb_row vc_row-fluid vc_row\"  style=\"padding-top: 0px; padding-bottom: 0px; \"><div class=\"row-bg-wrap\" data-bg-animation=\"none\" data-bg-overlay=\"false\"><div class=\"inner-wrap\"><div class=\"row-bg viewport-desktop\"  style=\"\"><\/div><\/div><\/div><div class=\"row_col_wrap_12 col span_12 dark left\">\n\t<div  class=\"vc_col-sm-8 wpb_column column_container vc_column_container col no-extra-padding inherit_tablet inherit_phone\"  data-padding-pos=\"all\" data-has-bg-color=\"false\" data-bg-color=\"\" data-bg-opacity=\"1\" data-animation=\"\" data-delay=\"0\" >\n\t\t<div class=\"vc_column-inner\" >\n\t\t\t<div class=\"wpb_wrapper\">\n\t\t\t\t\r\n<div class=\"wpb_text_column wpb_content_element\" >\r\n\t<div class=\"wpb_wrapper\">\r\n\t\t<h1>Lecci\u00f3n Siete<\/h1>\n<p>&nbsp;<\/p>\n<p>En esta lecci\u00f3n ense\u00f1aremos a ni\u00f1os de 3 a 4 a\u00f1os sobre el alfabeto. Esta lecci\u00f3n durar\u00e1 entre 6 y 8 minutos y se centrar\u00e1 en los siguientes objetivos:<\/p>\n<ol>\n<li>Con la ayuda del maestro, recita el alfabeto.<\/li>\n<li>Con la ayuda del maestro, haga coincidir algunas letras may\u00fasculas y min\u00fasculas del alfabeto.<\/li>\n<li>Con la ayuda del maestro, aislar y pronunciar el sonido inicial en palabras.<\/li>\n<\/ol>\n\t<\/div>\r\n<\/div>\r\n\r\n\r\n\r\n\n\t\t\t<\/div> \n\t\t<\/div>\n\t<\/div> \n\n\t<div  class=\"vc_col-sm-4 wpb_column column_container vc_column_container col no-extra-padding inherit_tablet inherit_phone\"  data-padding-pos=\"all\" data-has-bg-color=\"false\" data-bg-color=\"\" data-bg-opacity=\"1\" data-animation=\"\" data-delay=\"0\" >\n\t\t<div class=\"vc_column-inner\" >\n\t\t\t<div class=\"wpb_wrapper\">\n\t\t\t\t<div class=\"img-with-aniamtion-wrap\" data-max-width=\"100%\" data-max-width-mobile=\"default\" data-shadow=\"none\" data-animation=\"flip-in-vertical\" >\r\n      <div class=\"inner\">\r\n        <div class=\"hover-wrap\"> \r\n          <div class=\"hover-wrap-inner\">\r\n            <img loading=\"lazy\" decoding=\"async\" class=\"img-with-animation skip-lazy\" data-delay=\"0\" height=\"409\" width=\"408\" data-animation=\"flip-in-vertical\" src=\"https:\/\/projectrainbow.cookcountyil.gov\/wp-content\/uploads\/2021\/08\/Thumbs-Up.png\" alt=\"\" srcset=\"https:\/\/projectrainbow.cookcountyil.gov\/wp-content\/uploads\/2021\/08\/Thumbs-Up.png 408w, https:\/\/projectrainbow.cookcountyil.gov\/wp-content\/uploads\/2021\/08\/Thumbs-Up-300x300.png 300w, https:\/\/projectrainbow.cookcountyil.gov\/wp-content\/uploads\/2021\/08\/Thumbs-Up-150x150.png 150w, https:\/\/projectrainbow.cookcountyil.gov\/wp-content\/uploads\/2021\/08\/Thumbs-Up-12x12.png 12w, https:\/\/projectrainbow.cookcountyil.gov\/wp-content\/uploads\/2021\/08\/Thumbs-Up-100x100.png 100w, https:\/\/projectrainbow.cookcountyil.gov\/wp-content\/uploads\/2021\/08\/Thumbs-Up-140x140.png 140w, https:\/\/projectrainbow.cookcountyil.gov\/wp-content\/uploads\/2021\/08\/Thumbs-Up-350x350.png 350w\" sizes=\"auto, (max-width: 408px) 100vw, 408px\" \/>\r\n          <\/div>\r\n        <\/div>\r\n      <\/div>\r\n    <\/div>\n\t\t\t<\/div> \n\t\t<\/div>\n\t<\/div> \n<\/div><\/div>\r\n\t\t<div id=\"fws_69d79d39693e9\"  data-column-margin=\"default\" data-midnight=\"dark\"  class=\"wpb_row vc_row-fluid vc_row\"  style=\"padding-top: 0px; padding-bottom: 0px; \"><div class=\"row-bg-wrap\" data-bg-animation=\"none\" data-bg-overlay=\"false\"><div class=\"inner-wrap\"><div class=\"row-bg viewport-desktop\"  style=\"\"><\/div><\/div><\/div><div class=\"row_col_wrap_12 col span_12 dark left\">\n\t<div  class=\"vc_col-sm-12 wpb_column column_container vc_column_container col no-extra-padding inherit_tablet inherit_phone\"  data-padding-pos=\"all\" data-has-bg-color=\"false\" data-bg-color=\"\" data-bg-opacity=\"1\" data-animation=\"\" data-delay=\"0\" >\n\t\t<div class=\"vc_column-inner\" >\n\t\t\t<div class=\"wpb_wrapper\">\n\t\t\t\t<div class=\"divider-wrap\" data-alignment=\"default\"><div style=\"margin-top: 12.5px; height: 2px; margin-bottom: 12.5px;\" data-width=\"100%\" data-animate=\"\" data-animation-delay=\"\" data-color=\"extra-color-gradient-2\" class=\"divider-border\"><\/div><\/div><div class=\"divider-wrap\" data-alignment=\"default\"><div style=\"height: 25px;\" class=\"divider\"><\/div><\/div>\r\n<div class=\"wpb_text_column wpb_content_element\" >\r\n\t<div class=\"wpb_wrapper\">\r\n\t\t<p><iframe loading=\"lazy\" title=\"Proyecto Arco Iris - La Letra B\" width=\"1080\" height=\"608\" src=\"https:\/\/www.youtube.com\/embed\/CG_jCVp7phg?list=PL8GKxgb3LyNez6eQhoJCu5sJX5xDCkMQt\" frameborder=\"0\" allow=\"accelerometer; autoplay; clipboard-write; encrypted-media; gyroscope; picture-in-picture\" allowfullscreen><\/iframe><\/p>\n<h2>Contenido extra<\/h2>\n<p>El siguiente es material complementario para su estudiante. \u00a1Hemos incluido videos, libros y material para colorear adicionales para que su estudiante disfrute!<\/p>\n<h3>Videos:<\/h3>\n<ul>\n<li><a href=\"https:\/\/www.youtube.com\/watch?v=RoFz9V_BEG4\" target=\"_blank\" rel=\"noopener\"><span style=\"font-weight: 400;\">La canci\u00f3n de la letra B<\/span><\/a><\/li>\n<li><a href=\"https:\/\/www.youtube.com\/watch?v=SFt7xeXSlfM\" target=\"_blank\" rel=\"noopener\"><span style=\"font-weight: 400;\">Storybots letra B<\/span><\/a><\/li>\n<li><a href=\"https:\/\/www.youtube.com\/watch?v=-hGFJW3LZ98\" target=\"_blank\" rel=\"noopener\"><span style=\"font-weight: 400;\">B es para Boogie<\/span><\/a><\/li>\n<\/ul>\n<h3>Libros:<\/h3>\n<ul>\n<li><a href=\"https:\/\/www.bing.com\/videos\/search?view=detail&amp;mid=7B6FD434DD5A682989737B6FD434DD5A68298973&amp;q=are%20you%20my%20mother%20read%20aloud&amp;shtp=GetUrl&amp;shid=dd170ffd-ff5e-4c0d-883b-c436ad2f9a07&amp;shtk=QXJlIFlvdSBNeSBNb3RoZXIgfCBNciBTdG9yeXRpbWUgfCBSZWFkIEFsb3VkIEJvb2s%3D&amp;shdk=QXJlIFlvdSBNeSBNb3RoZXI%2FIGlzIGEgY2xhc3NpYyBjaGlsZHJlbidzIGJvb2sgbG92ZWQgYnkgZ2VuZXJhdGlvbnMgb2YgY2hpbGRyZW4uIFAuRC4gRWFzdG1hbidzIGJvb2sgYWJvdXQgYSBuZXdib3JuIGJpcmQncyBzZWFyY2ggZm9yIGhpcyBtb3RoZXIgaXMgcGFydCBvZiB0aGUgRHIuIFNldXNzIEJlZ2lubmVyIEJvb2tzIENvbGxlY3Rpb24uIExlYXZlIENvbW1lbnRzIGFuZCBWaWRlbyBSZXF1ZXN0cyBoZXJlOiBGYWNlYm9vayBiIDogaHR0cHM6Ly93d3cuZmFjZWJvb2suY29tL01yLVN0b3J5dGltZS0xMDczNDQ2NzQzMzM1ODAgVHdpdHRlciBiIDpodHRwczovL3R3aXR0ZXIuY29tIC4uLg%3D%3D&amp;shhk=cUiC8WguL65%2FRpz913LmkfMt4VeCgnE4bfPZApHC%2BMc%3D&amp;form=VDSHOT&amp;shth=OVP.qPce7Kuz5Y8XOK_Cx_UGyQEsDh\" target=\"_blank\" rel=\"noopener\"><span style=\"font-weight: 400;\">\u00bfEres tu mi madre?<\/span><\/a><\/li>\n<li><a href=\"https:\/\/www.bing.com\/videos\/search?view=detail&amp;mid=D151110F224CC5BFC45ED151110F224CC5BFC45E&amp;q=Are%20you%20my%20mother%20read%20in%20spanish&amp;shtp=GetUrl&amp;shid=b2fa22a7-2fe0-4f07-9cfc-485e231fbc5a&amp;shtk=RXJlcyB0dcyBIG1pIE1hbWHMgQ%3D%3D&amp;shdk=RXNjcml0byBFIElsdXN0cmFkbyBQb3IgUC5ELiBFYXN0bWFuIFRyYWR1Y2Npw7NuIERlIFRlcmV6YSBNbGF3ZXI%3D&amp;shhk=o9DqWHDNLKIejEhl5m5%2FQTT9dKe3unpppQHqx77EKiA%3D&amp;form=VDSHOT&amp;shth=OVP.fvCyYFctkb1aJKedGb3HcwHgFo\" target=\"_blank\" rel=\"noopener\"><span style=\"font-weight: 400;\">\u00bfEres tu mi madre? (Espa\u00f1ol)<\/span><\/a><\/li>\n<\/ul>\n<h3>Actividades electr\u00f3nicas:<\/h3>\n<ul>\n<li><a href=\"https:\/\/www.starfall.com\/h\/abcs\/letter-b\/?mg=k\" target=\"_blank\" rel=\"noopener\"><span style=\"font-weight: 400;\">Lluvia de estrellas - B<\/span><\/a><\/li>\n<li><a href=\"https:\/\/docs.google.com\/presentation\/d\/1Wqb4fipd_rXFN_pdLgsy6F7Us722ol2UB9S7b3f8E8c\/edit?usp=sharing\" target=\"_blank\" rel=\"noopener\"><span style=\"font-weight: 400;\">Compromiso interactivo de 5 sentidos<\/span><\/a><\/li>\n<li><a href=\"https:\/\/docs.google.com\/presentation\/d\/1NeSxd9Ytb1T9LPz5ZUMgZRCzvVZqywx1P_uL_aU-tRY\/edit?usp=sharing\" target=\"_blank\" rel=\"noopener\"><span style=\"font-weight: 400;\">Revisi\u00f3n de palabras visuales (1-100)<\/span><\/a><\/li>\n<li><a href=\"https:\/\/docs.google.com\/presentation\/d\/1TIOmc-b_8EUxHvFz_ELZzadRFC-5oalfzQgvq-1KxtI\/edit?usp=sharing\" target=\"_blank\" rel=\"noopener\"><span style=\"font-weight: 400;\">Compromiso interactivo ABC<\/span><\/a><\/li>\n<\/ul>\n<h3>Material imprimible:<\/h3>\n<ul>\n<li><a href=\"https:\/\/drive.google.com\/file\/d\/12GNIhiOp3Wgu0ICijvr0yndNXbSh9SwM\/view?usp=sharing\" target=\"_blank\" rel=\"noopener\"><span style=\"font-weight: 400;\">Letra b<\/span><\/a><\/li>\n<li><a href=\"https:\/\/drive.google.com\/file\/d\/1Ve8765nXrep0wv5FpAvgP80yIL0m0l2S\/view?usp=sharing\" target=\"_blank\" rel=\"noopener\"><span style=\"font-weight: 400;\">Traza la letra B<\/span><\/a><\/li>\n<li><a href=\"https:\/\/drive.google.com\/file\/d\/13enXsMyZaxGMYuvh5sKYgWUGNSwBGWL0\/view?usp=sharing\" target=\"_blank\" rel=\"noopener\"><span style=\"font-weight: 400;\">Traza la letra b<\/span><\/a><\/li>\n<li><a href=\"https:\/\/drive.google.com\/file\/d\/1kAF1btc5-T3N63EZTU1NseEwqNPKd-EO\/view?usp=sharing\" target=\"_blank\" rel=\"noopener\"><span style=\"font-weight: 400;\">Color y escritura de la letra B<\/span><\/a><\/li>\n<li><a href=\"https:\/\/drive.google.com\/file\/d\/1jKJmIlccNdmmrfqcEC27y50b36a7MCFJ\/view?usp=sharing\" target=\"_blank\" rel=\"noopener\"><span style=\"font-weight: 400;\">Corona Letra B<\/span><\/a><\/li>\n<li><a href=\"https:\/\/drive.google.com\/file\/d\/1_syMS1xukzrPIKDqbHRZMJ4L3i4eioD3\/view?usp=sharing\" target=\"_blank\" rel=\"noopener\"><span style=\"font-weight: 400;\">Encuentra la letra B<\/span><\/a><\/li>\n<li><a href=\"https:\/\/drive.google.com\/file\/d\/1oRCJ3IAbf1y7LWtJoxIIKaLLVVNmLuK-\/view?usp=sharing\" target=\"_blank\" rel=\"noopener\"><span style=\"font-weight: 400;\">Letra B Para Colorear<\/span><\/a><\/li>\n<li><a href=\"https:\/\/drive.google.com\/file\/d\/1U1z-sWgPzCNJ2sXOllOFAyGCVSaeqyhy\/view?usp=sharing\" target=\"_blank\" rel=\"noopener\"><span style=\"font-weight: 400;\">N\u00famero 7 Trazar, Color, Escribir<\/span><\/a><\/li>\n<li><a href=\"https:\/\/drive.google.com\/file\/d\/1L8dtunkfIQyBS2tjCgxRVrsdzl9usV5T\/view?usp=sharing\" target=\"_blank\" rel=\"noopener\"><span style=\"font-weight: 400;\">Actividad de extensi\u00f3n n\u00famero 7<\/span><\/a><\/li>\n<li><a href=\"https:\/\/drive.google.com\/file\/d\/14r84SqZZQPv1ql0mHvFtFFmYjLRCJB2k\/view?usp=sharing\" target=\"_blank\" rel=\"noopener\"><span style=\"font-weight: 400;\">Corona n\u00famero 7<\/span><\/a><\/li>\n<\/ul>\n<h3>Material imprimible (ESPA\u00d1OL)<\/h3>\n<ul>\n<li><a href=\"https:\/\/drive.google.com\/file\/d\/1sn8K1H2-QEYm7ODaNl62U_XBIK0iCG0N\/view?usp=sharing\" target=\"_blank\" rel=\"noopener\"><span style=\"font-weight: 400;\">N\u00famero 7, traza, colorea, escribe<\/span><\/a><\/li>\n<li><a href=\"https:\/\/drive.google.com\/file\/d\/15NwYVJoa5lg3YIhbqiD247MIkfLcHTwJ\/view?usp=sharing\" target=\"_blank\" rel=\"noopener\"><span style=\"font-weight: 400;\">N\u00famero 7 actividad de extensi\u00f3n<\/span><\/a><\/li>\n<li><a href=\"https:\/\/drive.google.com\/file\/d\/1XqmEb9Xr3PCNlxCC_zBV_LS5c9OQmCqF\/view?usp=sharing\" target=\"_blank\" rel=\"noopener\"><span style=\"font-weight: 400;\">Corona del n\u00famero 7<\/span><\/a><\/li>\n<\/ul>\n\t<\/div>\r\n<\/div>\r\n\r\n\r\n\r\n\n\t\t\t<\/div> \n\t\t<\/div>\n\t<\/div> \n<\/div><\/div>","protected":false},"excerpt":{"rendered":"Lecci\u00f3n Siete En esta lecci\u00f3n ense\u00f1aremos a ni\u00f1os de 3-4 a\u00f1os sobre el alfabeto. Esta lecci\u00f3n durar\u00e1 entre 6 y 8 minutos y se centrar\u00e1 en los siguientes objetivos:...","protected":false},"author":4,"featured_media":0,"parent":0,"menu_order":0,"comment_status":"closed","ping_status":"closed","template":"","meta":{"footnotes":""},"class_list":["post-690","page","type-page","status-publish"],"yoast_head":"<!-- This site is optimized with the Yoast SEO plugin v25.5 - https:\/\/yoast.com\/wordpress\/plugins\/seo\/ -->\n<title>Lesson 7 - The Letter B - Project Rainbow<\/title>\n<meta name=\"robots\" content=\"index, follow, max-snippet:-1, max-image-preview:large, max-video-preview:-1\" \/>\n<link rel=\"canonical\" href=\"https:\/\/projectrainbow.cookcountyil.gov\/es\/lesson-7-the-letter-b\/\" \/>\n<meta property=\"og:locale\" content=\"es_ES\" \/>\n<meta property=\"og:type\" content=\"article\" \/>\n<meta property=\"og:title\" content=\"Lesson 7 - The Letter B - Project Rainbow\" \/>\n<meta property=\"og:url\" content=\"https:\/\/projectrainbow.cookcountyil.gov\/es\/lesson-7-the-letter-b\/\" \/>\n<meta property=\"og:site_name\" content=\"Project Rainbow\" \/>\n<meta name=\"twitter:card\" content=\"summary_large_image\" \/>\n<meta name=\"twitter:label1\" content=\"Est. reading time\" \/>\n\t<meta name=\"twitter:data1\" content=\"2 minutos\" \/>\n<script type=\"application\/ld+json\" class=\"yoast-schema-graph\">{\"@context\":\"https:\/\/schema.org\",\"@graph\":[{\"@type\":\"WebPage\",\"@id\":\"https:\/\/projectrainbow.cookcountyil.gov\/lesson-7-the-letter-b\/\",\"url\":\"https:\/\/projectrainbow.cookcountyil.gov\/lesson-7-the-letter-b\/\",\"name\":\"Lesson 7 - The Letter B - Project Rainbow\",\"isPartOf\":{\"@id\":\"https:\/\/projectrainbow.cookcountyil.gov\/#website\"},\"datePublished\":\"2021-12-14T22:42:17+00:00\",\"breadcrumb\":{\"@id\":\"https:\/\/projectrainbow.cookcountyil.gov\/lesson-7-the-letter-b\/#breadcrumb\"},\"inLanguage\":\"es\",\"potentialAction\":[{\"@type\":\"ReadAction\",\"target\":[\"https:\/\/projectrainbow.cookcountyil.gov\/lesson-7-the-letter-b\/\"]}]},{\"@type\":\"BreadcrumbList\",\"@id\":\"https:\/\/projectrainbow.cookcountyil.gov\/lesson-7-the-letter-b\/#breadcrumb\",\"itemListElement\":[{\"@type\":\"ListItem\",\"position\":1,\"name\":\"Home\",\"item\":\"https:\/\/projectrainbow.cookcountyil.gov\/\"},{\"@type\":\"ListItem\",\"position\":2,\"name\":\"Lesson 7 &#8211; The Letter B\"}]},{\"@type\":\"WebSite\",\"@id\":\"https:\/\/projectrainbow.cookcountyil.gov\/#website\",\"url\":\"https:\/\/projectrainbow.cookcountyil.gov\/\",\"name\":\"Project Rainbow\",\"description\":\"\",\"potentialAction\":[{\"@type\":\"SearchAction\",\"target\":{\"@type\":\"EntryPoint\",\"urlTemplate\":\"https:\/\/projectrainbow.cookcountyil.gov\/?s={search_term_string}\"},\"query-input\":{\"@type\":\"PropertyValueSpecification\",\"valueRequired\":true,\"valueName\":\"search_term_string\"}}],\"inLanguage\":\"es\"}]}<\/script>\n<!-- \/ Yoast SEO plugin. -->","yoast_head_json":{"title":"Lesson 7 - The Letter B - Project Rainbow","robots":{"index":"index","follow":"follow","max-snippet":"max-snippet:-1","max-image-preview":"max-image-preview:large","max-video-preview":"max-video-preview:-1"},"canonical":"https:\/\/projectrainbow.cookcountyil.gov\/es\/lesson-7-the-letter-b\/","og_locale":"es_ES","og_type":"article","og_title":"Lesson 7 - The Letter B - Project Rainbow","og_url":"https:\/\/projectrainbow.cookcountyil.gov\/es\/lesson-7-the-letter-b\/","og_site_name":"Project Rainbow","twitter_card":"summary_large_image","twitter_misc":{"Est. reading time":"2 minutos"},"schema":{"@context":"https:\/\/schema.org","@graph":[{"@type":"WebPage","@id":"https:\/\/projectrainbow.cookcountyil.gov\/lesson-7-the-letter-b\/","url":"https:\/\/projectrainbow.cookcountyil.gov\/lesson-7-the-letter-b\/","name":"Lesson 7 - The Letter B - Project Rainbow","isPartOf":{"@id":"https:\/\/projectrainbow.cookcountyil.gov\/#website"},"datePublished":"2021-12-14T22:42:17+00:00","breadcrumb":{"@id":"https:\/\/projectrainbow.cookcountyil.gov\/lesson-7-the-letter-b\/#breadcrumb"},"inLanguage":"es","potentialAction":[{"@type":"ReadAction","target":["https:\/\/projectrainbow.cookcountyil.gov\/lesson-7-the-letter-b\/"]}]},{"@type":"BreadcrumbList","@id":"https:\/\/projectrainbow.cookcountyil.gov\/lesson-7-the-letter-b\/#breadcrumb","itemListElement":[{"@type":"ListItem","position":1,"name":"Home","item":"https:\/\/projectrainbow.cookcountyil.gov\/"},{"@type":"ListItem","position":2,"name":"Lesson 7 &#8211; The Letter B"}]},{"@type":"WebSite","@id":"https:\/\/projectrainbow.cookcountyil.gov\/#website","url":"https:\/\/projectrainbow.cookcountyil.gov\/","name":"Proyecto Rainbow","description":"","potentialAction":[{"@type":"SearchAction","target":{"@type":"EntryPoint","urlTemplate":"https:\/\/projectrainbow.cookcountyil.gov\/?s={search_term_string}"},"query-input":{"@type":"PropertyValueSpecification","valueRequired":true,"valueName":"search_term_string"}}],"inLanguage":"es"}]}},"_links":{"self":[{"href":"https:\/\/projectrainbow.cookcountyil.gov\/es\/wp-json\/wp\/v2\/pages\/690","targetHints":{"allow":["GET"]}}],"collection":[{"href":"https:\/\/projectrainbow.cookcountyil.gov\/es\/wp-json\/wp\/v2\/pages"}],"about":[{"href":"https:\/\/projectrainbow.cookcountyil.gov\/es\/wp-json\/wp\/v2\/types\/page"}],"author":[{"embeddable":true,"href":"https:\/\/projectrainbow.cookcountyil.gov\/es\/wp-json\/wp\/v2\/users\/4"}],"replies":[{"embeddable":true,"href":"https:\/\/projectrainbow.cookcountyil.gov\/es\/wp-json\/wp\/v2\/comments?post=690"}],"version-history":[{"count":0,"href":"https:\/\/projectrainbow.cookcountyil.gov\/es\/wp-json\/wp\/v2\/pages\/690\/revisions"}],"wp:attachment":[{"href":"https:\/\/projectrainbow.cookcountyil.gov\/es\/wp-json\/wp\/v2\/media?parent=690"}],"curies":[{"name":"wp","href":"https:\/\/api.w.org\/{rel}","templated":true}]}}