{"id":687,"date":"2021-12-14T22:41:47","date_gmt":"2021-12-14T22:41:47","guid":{"rendered":"https:\/\/projectrainbow.cookcountyil.gov\/?page_id=687"},"modified":"2021-12-14T22:41:50","modified_gmt":"2021-12-14T22:41:50","slug":"lesson-6-the-letter-d","status":"publish","type":"page","link":"https:\/\/projectrainbow.cookcountyil.gov\/es\/lesson-6-the-letter-d\/","title":{"rendered":"Lecci\u00f3n 6 \u2013 La letra D"},"content":{"rendered":"<div id=\"fws_69d79d986702e\"  data-column-margin=\"default\" data-midnight=\"dark\"  class=\"wpb_row vc_row-fluid vc_row\"  style=\"padding-top: 0px; padding-bottom: 0px; \"><div class=\"row-bg-wrap\" data-bg-animation=\"none\" data-bg-overlay=\"false\"><div class=\"inner-wrap\"><div class=\"row-bg viewport-desktop\"  style=\"\"><\/div><\/div><\/div><div class=\"row_col_wrap_12 col span_12 dark left\">\n\t<div  class=\"vc_col-sm-8 wpb_column column_container vc_column_container col no-extra-padding inherit_tablet inherit_phone\"  data-padding-pos=\"all\" data-has-bg-color=\"false\" data-bg-color=\"\" data-bg-opacity=\"1\" data-animation=\"\" data-delay=\"0\" >\n\t\t<div class=\"vc_column-inner\" >\n\t\t\t<div class=\"wpb_wrapper\">\n\t\t\t\t\r\n<div class=\"wpb_text_column wpb_content_element\" >\r\n\t<div class=\"wpb_wrapper\">\r\n\t\t<h1>lecci\u00f3n seis<\/h1>\n<p>&nbsp;<\/p>\n<p>En esta lecci\u00f3n ense\u00f1aremos a ni\u00f1os de 3 a 4 a\u00f1os sobre el alfabeto. Esta lecci\u00f3n durar\u00e1 entre 6 y 8 minutos y se centrar\u00e1 en los siguientes objetivos:<\/p>\n<ol>\n<li>Con la ayuda del maestro, recita el alfabeto.<\/li>\n<li>Con la ayuda del maestro, haga coincidir algunas letras may\u00fasculas y min\u00fasculas del alfabeto.<\/li>\n<li>Con la ayuda del maestro, aislar y pronunciar el sonido inicial en palabras.<\/li>\n<\/ol>\n\t<\/div>\r\n<\/div>\r\n\r\n\r\n\r\n\n\t\t\t<\/div> \n\t\t<\/div>\n\t<\/div> \n\n\t<div  class=\"vc_col-sm-4 wpb_column column_container vc_column_container col no-extra-padding inherit_tablet inherit_phone\"  data-padding-pos=\"all\" data-has-bg-color=\"false\" data-bg-color=\"\" data-bg-opacity=\"1\" data-animation=\"\" data-delay=\"0\" >\n\t\t<div class=\"vc_column-inner\" >\n\t\t\t<div class=\"wpb_wrapper\">\n\t\t\t\t<div class=\"img-with-aniamtion-wrap\" data-max-width=\"100%\" data-max-width-mobile=\"default\" data-shadow=\"none\" data-animation=\"flip-in-vertical\" >\r\n      <div class=\"inner\">\r\n        <div class=\"hover-wrap\"> \r\n          <div class=\"hover-wrap-inner\">\r\n            <img loading=\"lazy\" decoding=\"async\" class=\"img-with-animation skip-lazy\" data-delay=\"0\" height=\"361\" width=\"340\" data-animation=\"flip-in-vertical\" src=\"https:\/\/projectrainbow.cookcountyil.gov\/wp-content\/uploads\/2021\/08\/Congratulations-Dark-Mode-e1628198851282.png\" alt=\"High Five\"  \/>\r\n          <\/div>\r\n        <\/div>\r\n      <\/div>\r\n    <\/div>\n\t\t\t<\/div> \n\t\t<\/div>\n\t<\/div> \n<\/div><\/div>\r\n\t\t<div id=\"fws_69d79d9867c1f\"  data-column-margin=\"default\" data-midnight=\"dark\"  class=\"wpb_row vc_row-fluid vc_row\"  style=\"padding-top: 0px; padding-bottom: 0px; \"><div class=\"row-bg-wrap\" data-bg-animation=\"none\" data-bg-overlay=\"false\"><div class=\"inner-wrap\"><div class=\"row-bg viewport-desktop\"  style=\"\"><\/div><\/div><\/div><div class=\"row_col_wrap_12 col span_12 dark left\">\n\t<div  class=\"vc_col-sm-12 wpb_column column_container vc_column_container col no-extra-padding inherit_tablet inherit_phone\"  data-padding-pos=\"all\" data-has-bg-color=\"false\" data-bg-color=\"\" data-bg-opacity=\"1\" data-animation=\"\" data-delay=\"0\" >\n\t\t<div class=\"vc_column-inner\" >\n\t\t\t<div class=\"wpb_wrapper\">\n\t\t\t\t<div class=\"divider-wrap\" data-alignment=\"default\"><div style=\"margin-top: 12.5px; height: 2px; margin-bottom: 12.5px;\" data-width=\"100%\" data-animate=\"\" data-animation-delay=\"\" data-color=\"extra-color-gradient-2\" class=\"divider-border\"><\/div><\/div><div class=\"divider-wrap\" data-alignment=\"default\"><div style=\"height: 25px;\" class=\"divider\"><\/div><\/div>\r\n<div class=\"wpb_text_column wpb_content_element\" >\r\n\t<div class=\"wpb_wrapper\">\r\n\t\t<p><iframe loading=\"lazy\" title=\"Proyecto Rainbow - La letra D\" width=\"1080\" height=\"608\" src=\"https:\/\/www.youtube.com\/embed\/897k2tFwp_Q?list=PL8GKxgb3LyNez6eQhoJCu5sJX5xDCkMQt\" frameborder=\"0\" allow=\"accelerometer; autoplay; clipboard-write; encrypted-media; gyroscope; picture-in-picture\" allowfullscreen><\/iframe><\/p>\n<h2>Contenido extra<\/h2>\n<p>El siguiente es material complementario para su estudiante. \u00a1Hemos incluido videos, libros y material para colorear adicionales para que su estudiante disfrute!<\/p>\n<h3>Videos:<\/h3>\n<ul>\n<li><a href=\"https:\/\/www.youtube.com\/watch?v=U2IEwUFCKzg\" target=\"_blank\" rel=\"noopener\"><span style=\"font-weight: 400;\">La canci\u00f3n de la letra D<\/span><\/a><\/li>\n<li><a href=\"https:\/\/www.youtube.com\/watch?v=z9PeNH0JU0c\" target=\"_blank\" rel=\"noopener\"><span style=\"font-weight: 400;\">Letra D Storybots<\/span><\/a><\/li>\n<li><a href=\"https:\/\/www.youtube.com\/watch?v=h7E-tnTiW_Y\" target=\"_blank\" rel=\"noopener\"><span style=\"font-weight: 400;\">Dee Doodley Do <\/span><\/a><\/li>\n<\/ul>\n<h3>Libros:<\/h3>\n<ul>\n<li><a href=\"https:\/\/www.bing.com\/videos\/search?view=detail&amp;mid=CB73989C4759F41C7D43CB73989C4759F41C7D43&amp;q=Dinosaurs%20don't%20go%20to%20school&amp;shtp=GetUrl&amp;shid=9c7bab55-cd46-4559-a14b-cc6585b081bd&amp;shtk=SE9XIERPIERJTk9TQVVSUyBHTyBUTyBTQ0hPT0w%2FIFJlYWQgQWxvbmcgQWxvdWQgU3RvcnkgQXVkaW8gQm9vayBmb3IgQ2hpbGRyZW4%3D&amp;shdk=Rm9sbG93IGFsb25nIHRvIGZpbmQgb3V0IHdoYXQgdG8gZG8gYW5kIG5vdCB0byBkbyBhdCBzY2hvb2wuIFNVQlNDUklCRSBmb3IgbmV3IHN0b3JpZXMgYWxsIHRoZSB0aW1lISBQbGVhc2UgY2hlY2sgb3V0IG15IHdlYnNpdGUgaHR0cHM6Ly9QYXdiZS5jb20gaWYgeW91J3JlIGxvb2tpbmcgdG8gYnV5IG9yIHNlbGwgeW91ciBwdXBwaWVzL2RvZy4gWW91IGNhbiBlbnRlciB5b3VyIGRvZyBpbiB0aGUgY3V0ZXN0IGRvZyBjb250ZXN0IHRvIHdpbiBhIHByaXplIGF0IHRoZSBlbmQgb2YgZWFjaCBtb250aC4%3D&amp;shhk=TyzlnHRRCrSgFXe0uRMewmET5Gnq7Xx6U%2FwFYe9ej30%3D&amp;form=VDSHOT&amp;shth=OVP.dE0Zz_dseCPpzLClMLKTxgEsDh\" target=\"_blank\" rel=\"noopener\"><span style=\"font-weight: 400;\">\u00bfC\u00f3mo van los dinosaurios a la escuela?<\/span><\/a><\/li>\n<li><a href=\"https:\/\/youtu.be\/Nw8FOmdg0AQ\" target=\"_blank\" rel=\"noopener\"><span style=\"font-weight: 400;\">\u00bfC\u00f3mo dicen los dinosaurios te amo?<\/span><\/a><\/li>\n<li><a href=\"https:\/\/www.youtube.com\/watch?v=b-_ifWmOTJ0\" target=\"_blank\" rel=\"noopener\">Diez dinosaurios terribles<\/a><\/li>\n<\/ul>\n<h3>Actividades electr\u00f3nicas:<\/h3>\n<ul>\n<li><a href=\"https:\/\/www.starfall.com\/h\/abcs\/letter-d\/?mg=k\" target=\"_blank\" rel=\"noopener\"><span style=\"font-weight: 400;\">Lluvia de estrellas \u2013 D<\/span><\/a><\/li>\n<li><a href=\"https:\/\/docs.google.com\/presentation\/d\/1NeSxd9Ytb1T9LPz5ZUMgZRCzvVZqywx1P_uL_aU-tRY\/edit?usp=sharing\" target=\"_blank\" rel=\"noopener\"><span style=\"font-weight: 400;\">Revisi\u00f3n de palabras visuales (1-100)<\/span><\/a><\/li>\n<li><a href=\"https:\/\/docs.google.com\/presentation\/d\/1TIOmc-b_8EUxHvFz_ELZzadRFC-5oalfzQgvq-1KxtI\/edit?usp=sharing\" target=\"_blank\" rel=\"noopener\"><span style=\"font-weight: 400;\">Compromiso interactivo ABC<\/span><\/a><\/li>\n<\/ul>\n<h3>Material imprimible:<\/h3>\n<ul>\n<li><a href=\"https:\/\/drive.google.com\/file\/d\/1vwIy5S1yw6bNdIJpAful3eXM_MPzwmPO\/view?usp=sharing\" target=\"_blank\" rel=\"noopener\"><span style=\"font-weight: 400;\">Letra D<\/span><\/a><\/li>\n<li><a href=\"https:\/\/drive.google.com\/file\/d\/18-l_IICI6Q1C073kXCedXcF-0yC7yeRV\/view?usp=sharing\" target=\"_blank\" rel=\"noopener\"><span style=\"font-weight: 400;\">Traza la letra D<\/span><\/a><\/li>\n<li><a href=\"https:\/\/drive.google.com\/file\/d\/1tGJJDZ87VyokICF0C6oN4KJVhh0c5FzY\/view?usp=sharing\" target=\"_blank\" rel=\"noopener\"><span style=\"font-weight: 400;\">Traza la letra d<\/span><\/a><\/li>\n<li><a href=\"https:\/\/drive.google.com\/file\/d\/1b4pmTM29b-tungCkfRdapdzyaEvzVYAZ\/view?usp=sharing\" target=\"_blank\" rel=\"noopener\"><span style=\"font-weight: 400;\">Letra D Colorea y Escribe<\/span><\/a><\/li>\n<li><a href=\"https:\/\/drive.google.com\/file\/d\/1uyhrmimOcgqXzRQtHCI-Atifq3artvHZ\/view?usp=sharing\" target=\"_blank\" rel=\"noopener\"><span style=\"font-weight: 400;\">Letra D Corona<\/span><\/a><\/li>\n<li><a href=\"https:\/\/drive.google.com\/file\/d\/1FBqHN-4-3K5ZnWCX83SCFssrUot7mRcX\/view?usp=sharing\" target=\"_blank\" rel=\"noopener\"><span style=\"font-weight: 400;\">Encuentra la letra D<\/span><\/a><\/li>\n<li><a href=\"https:\/\/drive.google.com\/file\/d\/1UX0jcSZJj4skLtjMyeOAEwo9hQDnLxf-\/view?usp=sharing\" target=\"_blank\" rel=\"noopener\"><span style=\"font-weight: 400;\">Letra D P\u00e1gina Para Colorear<\/span><\/a><\/li>\n<li><a href=\"https:\/\/drive.google.com\/file\/d\/11bBrkG-DgVd2wG3e8jDwIWs8lwDqqqZ4\/view?usp=sharing\" target=\"_blank\" rel=\"noopener\"><span style=\"font-weight: 400;\">N\u00famero 6 Trazar, Color, Escribir<\/span><\/a><\/li>\n<li><a href=\"https:\/\/drive.google.com\/file\/d\/1xJruawgXvWDqugDtBu8meX5ukMPzuH9i\/view?usp=sharing\" target=\"_blank\" rel=\"noopener\"><span style=\"font-weight: 400;\">N\u00famero 6 Actividad de extensi\u00f3n<\/span><\/a><\/li>\n<li><a href=\"https:\/\/drive.google.com\/file\/d\/1GlgVXtt4HlzTifTuRXhEZn8a5KeQh4Qj\/view?usp=sharing\" target=\"_blank\" rel=\"noopener\"><span style=\"font-weight: 400;\">Corona n\u00famero 6<\/span><\/a><\/li>\n<\/ul>\n<h3>Material imprimible (ESPA\u00d1OL)<\/h3>\n<ul>\n<li><a href=\"https:\/\/drive.google.com\/file\/d\/1ATfYKFWkFXcx-IPI-3gBf3mTSrS11X07\/view?usp=sharing\" target=\"_blank\" rel=\"noopener\"><span style=\"font-weight: 400;\">N\u00famero 6, traza, colorea, escribe<\/span><\/a><\/li>\n<li><a href=\"https:\/\/drive.google.com\/file\/d\/1NvinQVAT1-miba1CJrlyS2gI1ij-k5UH\/view?usp=sharing\" target=\"_blank\" rel=\"noopener\"><span style=\"font-weight: 400;\">N\u00famero 6 actividad de extensi\u00f3n<\/span><\/a><\/li>\n<li><a href=\"https:\/\/drive.google.com\/file\/d\/1g0nnq_SqH7efPk2MuID0a_44SfrPyz7V\/view?usp=sharing\" target=\"_blank\" rel=\"noopener\"><span style=\"font-weight: 400;\">corona del n\u00famero 6<\/span><\/a><\/li>\n<\/ul>\n\t<\/div>\r\n<\/div>\r\n\r\n\r\n\r\n\n\t\t\t<\/div> \n\t\t<\/div>\n\t<\/div> \n<\/div><\/div>","protected":false},"excerpt":{"rendered":"Lecci\u00f3n Seis En esta lecci\u00f3n ense\u00f1aremos a ni\u00f1os de 3-4 a\u00f1os sobre el alfabeto. Esta lecci\u00f3n durar\u00e1 entre 6 y 8 minutos y se centrar\u00e1 en los siguientes objetivos:...","protected":false},"author":4,"featured_media":0,"parent":0,"menu_order":0,"comment_status":"closed","ping_status":"closed","template":"","meta":{"footnotes":""},"class_list":["post-687","page","type-page","status-publish"],"yoast_head":"<!-- This site is optimized with the Yoast SEO plugin v25.5 - https:\/\/yoast.com\/wordpress\/plugins\/seo\/ -->\n<title>Lesson 6 - The Letter D - Project Rainbow<\/title>\n<meta name=\"robots\" content=\"index, follow, max-snippet:-1, max-image-preview:large, max-video-preview:-1\" \/>\n<link rel=\"canonical\" href=\"https:\/\/projectrainbow.cookcountyil.gov\/es\/lesson-6-the-letter-d\/\" \/>\n<meta property=\"og:locale\" content=\"es_ES\" \/>\n<meta property=\"og:type\" content=\"article\" \/>\n<meta property=\"og:title\" content=\"Lesson 6 - The Letter D - Project Rainbow\" \/>\n<meta property=\"og:url\" content=\"https:\/\/projectrainbow.cookcountyil.gov\/es\/lesson-6-the-letter-d\/\" \/>\n<meta property=\"og:site_name\" content=\"Project Rainbow\" \/>\n<meta property=\"article:modified_time\" content=\"2021-12-14T22:41:50+00:00\" \/>\n<meta name=\"twitter:card\" content=\"summary_large_image\" \/>\n<meta name=\"twitter:label1\" content=\"Est. reading time\" \/>\n\t<meta name=\"twitter:data1\" content=\"2 minutos\" \/>\n<script type=\"application\/ld+json\" class=\"yoast-schema-graph\">{\"@context\":\"https:\/\/schema.org\",\"@graph\":[{\"@type\":\"WebPage\",\"@id\":\"https:\/\/projectrainbow.cookcountyil.gov\/lesson-6-the-letter-d\/\",\"url\":\"https:\/\/projectrainbow.cookcountyil.gov\/lesson-6-the-letter-d\/\",\"name\":\"Lesson 6 - The Letter D - Project Rainbow\",\"isPartOf\":{\"@id\":\"https:\/\/projectrainbow.cookcountyil.gov\/#website\"},\"datePublished\":\"2021-12-14T22:41:47+00:00\",\"dateModified\":\"2021-12-14T22:41:50+00:00\",\"breadcrumb\":{\"@id\":\"https:\/\/projectrainbow.cookcountyil.gov\/lesson-6-the-letter-d\/#breadcrumb\"},\"inLanguage\":\"es\",\"potentialAction\":[{\"@type\":\"ReadAction\",\"target\":[\"https:\/\/projectrainbow.cookcountyil.gov\/lesson-6-the-letter-d\/\"]}]},{\"@type\":\"BreadcrumbList\",\"@id\":\"https:\/\/projectrainbow.cookcountyil.gov\/lesson-6-the-letter-d\/#breadcrumb\",\"itemListElement\":[{\"@type\":\"ListItem\",\"position\":1,\"name\":\"Home\",\"item\":\"https:\/\/projectrainbow.cookcountyil.gov\/\"},{\"@type\":\"ListItem\",\"position\":2,\"name\":\"Lesson 6 &#8211; The Letter D\"}]},{\"@type\":\"WebSite\",\"@id\":\"https:\/\/projectrainbow.cookcountyil.gov\/#website\",\"url\":\"https:\/\/projectrainbow.cookcountyil.gov\/\",\"name\":\"Project Rainbow\",\"description\":\"\",\"potentialAction\":[{\"@type\":\"SearchAction\",\"target\":{\"@type\":\"EntryPoint\",\"urlTemplate\":\"https:\/\/projectrainbow.cookcountyil.gov\/?s={search_term_string}\"},\"query-input\":{\"@type\":\"PropertyValueSpecification\",\"valueRequired\":true,\"valueName\":\"search_term_string\"}}],\"inLanguage\":\"es\"}]}<\/script>\n<!-- \/ Yoast SEO plugin. -->","yoast_head_json":{"title":"Lesson 6 - The Letter D - Project Rainbow","robots":{"index":"index","follow":"follow","max-snippet":"max-snippet:-1","max-image-preview":"max-image-preview:large","max-video-preview":"max-video-preview:-1"},"canonical":"https:\/\/projectrainbow.cookcountyil.gov\/es\/lesson-6-the-letter-d\/","og_locale":"es_ES","og_type":"article","og_title":"Lesson 6 - The Letter D - Project Rainbow","og_url":"https:\/\/projectrainbow.cookcountyil.gov\/es\/lesson-6-the-letter-d\/","og_site_name":"Project Rainbow","article_modified_time":"2021-12-14T22:41:50+00:00","twitter_card":"summary_large_image","twitter_misc":{"Est. reading time":"2 minutos"},"schema":{"@context":"https:\/\/schema.org","@graph":[{"@type":"WebPage","@id":"https:\/\/projectrainbow.cookcountyil.gov\/lesson-6-the-letter-d\/","url":"https:\/\/projectrainbow.cookcountyil.gov\/lesson-6-the-letter-d\/","name":"Lesson 6 - The Letter D - Project Rainbow","isPartOf":{"@id":"https:\/\/projectrainbow.cookcountyil.gov\/#website"},"datePublished":"2021-12-14T22:41:47+00:00","dateModified":"2021-12-14T22:41:50+00:00","breadcrumb":{"@id":"https:\/\/projectrainbow.cookcountyil.gov\/lesson-6-the-letter-d\/#breadcrumb"},"inLanguage":"es","potentialAction":[{"@type":"ReadAction","target":["https:\/\/projectrainbow.cookcountyil.gov\/lesson-6-the-letter-d\/"]}]},{"@type":"BreadcrumbList","@id":"https:\/\/projectrainbow.cookcountyil.gov\/lesson-6-the-letter-d\/#breadcrumb","itemListElement":[{"@type":"ListItem","position":1,"name":"Home","item":"https:\/\/projectrainbow.cookcountyil.gov\/"},{"@type":"ListItem","position":2,"name":"Lesson 6 &#8211; The Letter D"}]},{"@type":"WebSite","@id":"https:\/\/projectrainbow.cookcountyil.gov\/#website","url":"https:\/\/projectrainbow.cookcountyil.gov\/","name":"Proyecto Rainbow","description":"","potentialAction":[{"@type":"SearchAction","target":{"@type":"EntryPoint","urlTemplate":"https:\/\/projectrainbow.cookcountyil.gov\/?s={search_term_string}"},"query-input":{"@type":"PropertyValueSpecification","valueRequired":true,"valueName":"search_term_string"}}],"inLanguage":"es"}]}},"_links":{"self":[{"href":"https:\/\/projectrainbow.cookcountyil.gov\/es\/wp-json\/wp\/v2\/pages\/687","targetHints":{"allow":["GET"]}}],"collection":[{"href":"https:\/\/projectrainbow.cookcountyil.gov\/es\/wp-json\/wp\/v2\/pages"}],"about":[{"href":"https:\/\/projectrainbow.cookcountyil.gov\/es\/wp-json\/wp\/v2\/types\/page"}],"author":[{"embeddable":true,"href":"https:\/\/projectrainbow.cookcountyil.gov\/es\/wp-json\/wp\/v2\/users\/4"}],"replies":[{"embeddable":true,"href":"https:\/\/projectrainbow.cookcountyil.gov\/es\/wp-json\/wp\/v2\/comments?post=687"}],"version-history":[{"count":0,"href":"https:\/\/projectrainbow.cookcountyil.gov\/es\/wp-json\/wp\/v2\/pages\/687\/revisions"}],"wp:attachment":[{"href":"https:\/\/projectrainbow.cookcountyil.gov\/es\/wp-json\/wp\/v2\/media?parent=687"}],"curies":[{"name":"wp","href":"https:\/\/api.w.org\/{rel}","templated":true}]}}