{"id":666,"date":"2021-12-14T22:40:03","date_gmt":"2021-12-14T22:40:03","guid":{"rendered":"https:\/\/projectrainbow.cookcountyil.gov\/?page_id=666"},"modified":"2026-04-08T15:35:30","modified_gmt":"2026-04-08T15:35:30","slug":"lesson-5-the-letter-t","status":"publish","type":"page","link":"https:\/\/projectrainbow.cookcountyil.gov\/es\/lesson-5-the-letter-t\/","title":{"rendered":"Lecci\u00f3n 5 \u2013 La letra T"},"content":{"rendered":"<div id=\"fws_69dadebd221d1\"  data-column-margin=\"default\" data-midnight=\"dark\"  class=\"wpb_row vc_row-fluid vc_row\"  style=\"padding-top: 0px; padding-bottom: 0px; \"><div class=\"row-bg-wrap\" data-bg-animation=\"none\" data-bg-overlay=\"false\"><div class=\"inner-wrap\"><div class=\"row-bg viewport-desktop\"  style=\"\"><\/div><\/div><\/div><div class=\"row_col_wrap_12 col span_12 dark left\">\n\t<div  class=\"vc_col-sm-8 wpb_column column_container vc_column_container col no-extra-padding inherit_tablet inherit_phone\"  data-padding-pos=\"all\" data-has-bg-color=\"false\" data-bg-color=\"\" data-bg-opacity=\"1\" data-animation=\"\" data-delay=\"0\" >\n\t\t<div class=\"vc_column-inner\" >\n\t\t\t<div class=\"wpb_wrapper\">\n\t\t\t\t\r\n<div class=\"wpb_text_column wpb_content_element\" >\r\n\t<div class=\"wpb_wrapper\">\r\n\t\t<h1>lecci\u00f3n cinco<\/h1>\n<p>En esta lecci\u00f3n ense\u00f1aremos a ni\u00f1os de 3 a 4 a\u00f1os sobre el alfabeto. Esta lecci\u00f3n durar\u00e1 entre 6 y 8 minutos y se centrar\u00e1 en los siguientes objetivos:<\/p>\n<ol>\n<li>Con la ayuda del maestro, recita el alfabeto.<\/li>\n<li>Con la ayuda del maestro, haga coincidir algunas letras may\u00fasculas y min\u00fasculas del alfabeto.<\/li>\n<li>Con la ayuda del maestro, aislar y pronunciar el sonido inicial en palabras.<\/li>\n<\/ol>\n\t<\/div>\r\n<\/div>\r\n\r\n\r\n\r\n\n\t\t\t<\/div> \n\t\t<\/div>\n\t<\/div> \n\n\t<div  class=\"vc_col-sm-4 wpb_column column_container vc_column_container col no-extra-padding inherit_tablet inherit_phone\"  data-padding-pos=\"all\" data-has-bg-color=\"false\" data-bg-color=\"\" data-bg-opacity=\"1\" data-animation=\"\" data-delay=\"0\" >\n\t\t<div class=\"vc_column-inner\" >\n\t\t\t<div class=\"wpb_wrapper\">\n\t\t\t\t<div class=\"img-with-aniamtion-wrap\" data-max-width=\"100%\" data-max-width-mobile=\"default\" data-shadow=\"none\" data-animation=\"flip-in-vertical\" >\r\n      <div class=\"inner\">\r\n        <div class=\"hover-wrap\"> \r\n          <div class=\"hover-wrap-inner\">\r\n            <img loading=\"lazy\" decoding=\"async\" class=\"img-with-animation skip-lazy\" data-delay=\"0\" height=\"414\" width=\"392\" data-animation=\"flip-in-vertical\" src=\"https:\/\/projectrainbow.cookcountyil.gov\/wp-content\/uploads\/2021\/08\/Puppy.png\" alt=\"\" srcset=\"https:\/\/projectrainbow.cookcountyil.gov\/wp-content\/uploads\/2021\/08\/Puppy.png 392w, https:\/\/projectrainbow.cookcountyil.gov\/wp-content\/uploads\/2021\/08\/Puppy-284x300.png 284w, https:\/\/projectrainbow.cookcountyil.gov\/wp-content\/uploads\/2021\/08\/Puppy-11x12.png 11w\" sizes=\"auto, (max-width: 392px) 100vw, 392px\" \/>\r\n          <\/div>\r\n        <\/div>\r\n      <\/div>\r\n    <\/div>\n\t\t\t<\/div> \n\t\t<\/div>\n\t<\/div> \n<\/div><\/div>\r\n\t\t<div id=\"fws_69dadebd22cca\"  data-column-margin=\"default\" data-midnight=\"dark\"  class=\"wpb_row vc_row-fluid vc_row\"  style=\"padding-top: 0px; padding-bottom: 0px; \"><div class=\"row-bg-wrap\" data-bg-animation=\"none\" data-bg-overlay=\"false\"><div class=\"inner-wrap\"><div class=\"row-bg viewport-desktop\"  style=\"\"><\/div><\/div><\/div><div class=\"row_col_wrap_12 col span_12 dark left\">\n\t<div  class=\"vc_col-sm-12 wpb_column column_container vc_column_container col no-extra-padding inherit_tablet inherit_phone\"  data-padding-pos=\"all\" data-has-bg-color=\"false\" data-bg-color=\"\" data-bg-opacity=\"1\" data-animation=\"\" data-delay=\"0\" >\n\t\t<div class=\"vc_column-inner\" >\n\t\t\t<div class=\"wpb_wrapper\">\n\t\t\t\t<div class=\"divider-wrap\" data-alignment=\"default\"><div style=\"margin-top: 12.5px; height: 2px; margin-bottom: 12.5px;\" data-width=\"100%\" data-animate=\"\" data-animation-delay=\"\" data-color=\"extra-color-gradient-2\" class=\"divider-border\"><\/div><\/div><div class=\"divider-wrap\" data-alignment=\"default\"><div style=\"height: 25px;\" class=\"divider\"><\/div><\/div>\r\n<div class=\"wpb_text_column wpb_content_element\" >\r\n\t<div class=\"wpb_wrapper\">\r\n\t\t<p><iframe loading=\"lazy\" title=\"Proyecto Rainbow - La letra T\" width=\"1080\" height=\"608\" src=\"https:\/\/www.youtube.com\/embed\/bwvZEwPFy9c?list=PL8GKxgb3LyNez6eQhoJCu5sJX5xDCkMQt\" frameborder=\"0\" allow=\"accelerometer; autoplay; clipboard-write; encrypted-media; gyroscope; picture-in-picture; web-share\" referrerpolicy=\"strict-origin-when-cross-origin\" allowfullscreen><\/iframe><\/p>\n<h2>Contenido extra<\/h2>\n<p>El siguiente es material complementario para su estudiante. \u00a1Hemos incluido videos, libros y material para colorear adicionales para que su estudiante disfrute!<\/p>\n<p><!-- \/wp:post-content --><\/p>\n<h3><!-- wp:image \/-->Videos:<\/h3>\n<ul>\n<li><a href=\"https:\/\/www.youtube.com\/watch?v=WDjlIdI_Wdc\" target=\"_blank\" rel=\"noopener\">La canci\u00f3n de la letra T<\/a><\/li>\n<li><a href=\"https:\/\/www.youtube.com\/watch?v=VNKHlUKY01Y\" target=\"_blank\" rel=\"noopener\">Letra T Storybots<\/a><\/li>\n<li><a href=\"https:\/\/www.youtube.com\/watch?v=iPHaID7o_5U\" target=\"_blank\" rel=\"noopener\">tiempo para t<\/a><\/li>\n<\/ul>\n<h3>Libros:<\/h3>\n<ul>\n<li><a href=\"https:\/\/www.youtube.com\/watch?v=UB0t0IITJ54\" target=\"_blank\" rel=\"noopener\">Franklin la tortuga planta un \u00e1rbol<\/a><\/li>\n<\/ul>\n<h3>Actividades electr\u00f3nicas:<\/h3>\n<ul>\n<li><a href=\"https:\/\/www.starfall.com\/h\/abcs\/letter-t\/?mg=k\" target=\"_blank\" rel=\"noopener\"><span style=\"font-weight: 400;\">Lluvia de estrellas \u2013 T<\/span><\/a><\/li>\n<li><a href=\"https:\/\/docs.google.com\/presentation\/d\/1NeSxd9Ytb1T9LPz5ZUMgZRCzvVZqywx1P_uL_aU-tRY\/edit?usp=sharing\" target=\"_blank\" rel=\"noopener\"><span style=\"font-weight: 400;\">Revisi\u00f3n de palabras visuales (1-100)<\/span><\/a><\/li>\n<li><a href=\"https:\/\/docs.google.com\/presentation\/d\/1TIOmc-b_8EUxHvFz_ELZzadRFC-5oalfzQgvq-1KxtI\/edit?usp=sharing\" target=\"_blank\" rel=\"noopener\"><span style=\"font-weight: 400;\">Compromiso interactivo ABC<\/span><\/a><\/li>\n<\/ul>\n<h3>Material imprimible:<\/h3>\n<ul>\n<li><a href=\"https:\/\/drive.google.com\/file\/d\/1iTWeeC8Y66b_3ZJBmkPq7AjRl8J-TNwJ\/view?usp=sharing\" target=\"_blank\" rel=\"noopener\"><span style=\"font-weight: 400;\">Letra T<\/span><\/a><\/li>\n<li><a href=\"https:\/\/drive.google.com\/file\/d\/1f5uVyFl_AsCjOFIhqrkcSKW0jgCco-Oc\/view?usp=sharing\" target=\"_blank\" rel=\"noopener\"><span style=\"font-weight: 400;\">Traza la letra T<\/span><\/a><\/li>\n<li><a href=\"https:\/\/drive.google.com\/file\/d\/19P_jeATLOqzTBI2GklPEUwii9IPq_J_C\/view?usp=sharing\" target=\"_blank\" rel=\"noopener\"><span style=\"font-weight: 400;\">Traza la letra t<\/span><\/a><\/li>\n<li><a href=\"https:\/\/drive.google.com\/file\/d\/1hTq9kUPngTmH3FZMrygAgaNpvH9zpX7H\/view?usp=sharing\" target=\"_blank\" rel=\"noopener\"><span style=\"font-weight: 400;\">Letra T Colorea y Escribe<\/span><\/a><\/li>\n<li><a href=\"https:\/\/drive.google.com\/file\/d\/1aGhvmVb6J_QzVubt7BKBQ4xkG50b7h9G\/view?usp=sharing\" target=\"_blank\" rel=\"noopener\"><span style=\"font-weight: 400;\">Letra T Corona<\/span><\/a><\/li>\n<li><a href=\"https:\/\/drive.google.com\/file\/d\/1Sg9J3Ux6jruBduq7YrWREPpldgHn9b2g\/view?usp=sharing\" target=\"_blank\" rel=\"noopener\"><span style=\"font-weight: 400;\">Encuentra la letra T<\/span><\/a><\/li>\n<li><a href=\"https:\/\/drive.google.com\/file\/d\/1p2s4iEP9qAC5BEinIon6nzMfennx_3tJ\/view?usp=sharing\" target=\"_blank\" rel=\"noopener\"><span style=\"font-weight: 400;\">Letra T P\u00e1gina Para Colorear<\/span><\/a><\/li>\n<li><a href=\"https:\/\/drive.google.com\/file\/d\/1lQ8frugrOTN9xgGRzryxO_RkE2_odS_B\/view?usp=sharing\" target=\"_blank\" rel=\"noopener\"><span style=\"font-weight: 400;\">N\u00famero 5 Trazar, Color, Escribir<\/span><\/a><\/li>\n<li><a href=\"https:\/\/drive.google.com\/file\/d\/1g3PNatnXkosZCHyxx4NafkBbwPQmc_Ke\/view?usp=sharing\" target=\"_blank\" rel=\"noopener\"><span style=\"font-weight: 400;\">N\u00famero 5 Actividad de extensi\u00f3n<\/span><\/a><\/li>\n<li><a href=\"https:\/\/drive.google.com\/file\/d\/1ruh0AW6mXcgyJJpmfdP-HctXAXyP-gv0\/view?usp=sharing\" target=\"_blank\" rel=\"noopener\"><span style=\"font-weight: 400;\">Corona n\u00famero 5<\/span><\/a><\/li>\n<\/ul>\n<h3>Material imprimible (ESPA\u00d1OL)<\/h3>\n<ul>\n<li><a href=\"https:\/\/drive.google.com\/file\/d\/1w91tyH2_WdaFHSQ7uvcT8xTs1T5aMTQh\/view?usp=sharing\" target=\"_blank\" rel=\"noopener\"><span style=\"font-weight: 400;\">N\u00famero 5, traza, colorea, escribe<\/span><\/a><\/li>\n<li><a href=\"https:\/\/drive.google.com\/file\/d\/1NMYNifY6MTj-FTKIsKtIdLVNYi6FhGAm\/view?usp=sharing\" target=\"_blank\" rel=\"noopener\"><span style=\"font-weight: 400;\">N\u00famero 5 actividad de extensi\u00f3n<\/span><\/a><\/li>\n<li><a href=\"https:\/\/drive.google.com\/file\/d\/1Gw5CF57HQ0hZ4LbK_Kzs0lOSn5fTw7da\/view?usp=sharing\" target=\"_blank\" rel=\"noopener\"><span style=\"font-weight: 400;\">corona del numero 5<\/span><\/a><\/li>\n<\/ul>\n\t<\/div>\r\n<\/div>\r\n\r\n\r\n\r\n\n\t\t\t<\/div> \n\t\t<\/div>\n\t<\/div> \n<\/div><\/div>","protected":false},"excerpt":{"rendered":"Lesson Five In this lesson we will be teaching 3-4 year olds about the alphabet. This lesson will take about 6-8 minutes and will focus on the following objectives: With...","protected":false},"author":4,"featured_media":0,"parent":0,"menu_order":0,"comment_status":"closed","ping_status":"closed","template":"","meta":{"footnotes":""},"class_list":["post-666","page","type-page","status-publish"],"yoast_head":"<!-- This site is optimized with the Yoast SEO plugin v25.5 - https:\/\/yoast.com\/wordpress\/plugins\/seo\/ -->\n<title>Lesson 5 - The Letter T - Project Rainbow<\/title>\n<meta name=\"robots\" content=\"index, follow, max-snippet:-1, max-image-preview:large, max-video-preview:-1\" \/>\n<link rel=\"canonical\" href=\"https:\/\/projectrainbow.cookcountyil.gov\/es\/lesson-5-the-letter-t\/\" \/>\n<meta property=\"og:locale\" content=\"es_ES\" \/>\n<meta property=\"og:type\" content=\"article\" \/>\n<meta property=\"og:title\" content=\"Lesson 5 - The Letter T - Project Rainbow\" \/>\n<meta property=\"og:url\" content=\"https:\/\/projectrainbow.cookcountyil.gov\/es\/lesson-5-the-letter-t\/\" \/>\n<meta property=\"og:site_name\" content=\"Project Rainbow\" \/>\n<meta property=\"article:modified_time\" content=\"2026-04-08T15:35:30+00:00\" \/>\n<meta name=\"twitter:card\" content=\"summary_large_image\" \/>\n<meta name=\"twitter:label1\" content=\"Est. reading time\" \/>\n\t<meta name=\"twitter:data1\" content=\"2 minutos\" \/>\n<script type=\"application\/ld+json\" class=\"yoast-schema-graph\">{\"@context\":\"https:\/\/schema.org\",\"@graph\":[{\"@type\":\"WebPage\",\"@id\":\"https:\/\/projectrainbow.cookcountyil.gov\/lesson-5-the-letter-t\/\",\"url\":\"https:\/\/projectrainbow.cookcountyil.gov\/lesson-5-the-letter-t\/\",\"name\":\"Lesson 5 - The Letter T - Project Rainbow\",\"isPartOf\":{\"@id\":\"https:\/\/projectrainbow.cookcountyil.gov\/#website\"},\"datePublished\":\"2021-12-14T22:40:03+00:00\",\"dateModified\":\"2026-04-08T15:35:30+00:00\",\"breadcrumb\":{\"@id\":\"https:\/\/projectrainbow.cookcountyil.gov\/lesson-5-the-letter-t\/#breadcrumb\"},\"inLanguage\":\"es\",\"potentialAction\":[{\"@type\":\"ReadAction\",\"target\":[\"https:\/\/projectrainbow.cookcountyil.gov\/lesson-5-the-letter-t\/\"]}]},{\"@type\":\"BreadcrumbList\",\"@id\":\"https:\/\/projectrainbow.cookcountyil.gov\/lesson-5-the-letter-t\/#breadcrumb\",\"itemListElement\":[{\"@type\":\"ListItem\",\"position\":1,\"name\":\"Home\",\"item\":\"https:\/\/projectrainbow.cookcountyil.gov\/\"},{\"@type\":\"ListItem\",\"position\":2,\"name\":\"Lesson 5 &#8211; The Letter T\"}]},{\"@type\":\"WebSite\",\"@id\":\"https:\/\/projectrainbow.cookcountyil.gov\/#website\",\"url\":\"https:\/\/projectrainbow.cookcountyil.gov\/\",\"name\":\"Project Rainbow\",\"description\":\"\",\"potentialAction\":[{\"@type\":\"SearchAction\",\"target\":{\"@type\":\"EntryPoint\",\"urlTemplate\":\"https:\/\/projectrainbow.cookcountyil.gov\/?s={search_term_string}\"},\"query-input\":{\"@type\":\"PropertyValueSpecification\",\"valueRequired\":true,\"valueName\":\"search_term_string\"}}],\"inLanguage\":\"es\"}]}<\/script>\n<!-- \/ Yoast SEO plugin. -->","yoast_head_json":{"title":"Lesson 5 - The Letter T - Project Rainbow","robots":{"index":"index","follow":"follow","max-snippet":"max-snippet:-1","max-image-preview":"max-image-preview:large","max-video-preview":"max-video-preview:-1"},"canonical":"https:\/\/projectrainbow.cookcountyil.gov\/es\/lesson-5-the-letter-t\/","og_locale":"es_ES","og_type":"article","og_title":"Lesson 5 - The Letter T - Project Rainbow","og_url":"https:\/\/projectrainbow.cookcountyil.gov\/es\/lesson-5-the-letter-t\/","og_site_name":"Project Rainbow","article_modified_time":"2026-04-08T15:35:30+00:00","twitter_card":"summary_large_image","twitter_misc":{"Est. reading time":"2 minutos"},"schema":{"@context":"https:\/\/schema.org","@graph":[{"@type":"WebPage","@id":"https:\/\/projectrainbow.cookcountyil.gov\/lesson-5-the-letter-t\/","url":"https:\/\/projectrainbow.cookcountyil.gov\/lesson-5-the-letter-t\/","name":"Lesson 5 - The Letter T - Project Rainbow","isPartOf":{"@id":"https:\/\/projectrainbow.cookcountyil.gov\/#website"},"datePublished":"2021-12-14T22:40:03+00:00","dateModified":"2026-04-08T15:35:30+00:00","breadcrumb":{"@id":"https:\/\/projectrainbow.cookcountyil.gov\/lesson-5-the-letter-t\/#breadcrumb"},"inLanguage":"es","potentialAction":[{"@type":"ReadAction","target":["https:\/\/projectrainbow.cookcountyil.gov\/lesson-5-the-letter-t\/"]}]},{"@type":"BreadcrumbList","@id":"https:\/\/projectrainbow.cookcountyil.gov\/lesson-5-the-letter-t\/#breadcrumb","itemListElement":[{"@type":"ListItem","position":1,"name":"Home","item":"https:\/\/projectrainbow.cookcountyil.gov\/"},{"@type":"ListItem","position":2,"name":"Lesson 5 &#8211; The Letter T"}]},{"@type":"WebSite","@id":"https:\/\/projectrainbow.cookcountyil.gov\/#website","url":"https:\/\/projectrainbow.cookcountyil.gov\/","name":"Proyecto Rainbow","description":"","potentialAction":[{"@type":"SearchAction","target":{"@type":"EntryPoint","urlTemplate":"https:\/\/projectrainbow.cookcountyil.gov\/?s={search_term_string}"},"query-input":{"@type":"PropertyValueSpecification","valueRequired":true,"valueName":"search_term_string"}}],"inLanguage":"es"}]}},"_links":{"self":[{"href":"https:\/\/projectrainbow.cookcountyil.gov\/es\/wp-json\/wp\/v2\/pages\/666","targetHints":{"allow":["GET"]}}],"collection":[{"href":"https:\/\/projectrainbow.cookcountyil.gov\/es\/wp-json\/wp\/v2\/pages"}],"about":[{"href":"https:\/\/projectrainbow.cookcountyil.gov\/es\/wp-json\/wp\/v2\/types\/page"}],"author":[{"embeddable":true,"href":"https:\/\/projectrainbow.cookcountyil.gov\/es\/wp-json\/wp\/v2\/users\/4"}],"replies":[{"embeddable":true,"href":"https:\/\/projectrainbow.cookcountyil.gov\/es\/wp-json\/wp\/v2\/comments?post=666"}],"version-history":[{"count":0,"href":"https:\/\/projectrainbow.cookcountyil.gov\/es\/wp-json\/wp\/v2\/pages\/666\/revisions"}],"wp:attachment":[{"href":"https:\/\/projectrainbow.cookcountyil.gov\/es\/wp-json\/wp\/v2\/media?parent=666"}],"curies":[{"name":"wp","href":"https:\/\/api.w.org\/{rel}","templated":true}]}}