{"id":364,"date":"2021-08-03T19:43:56","date_gmt":"2021-08-03T19:43:56","guid":{"rendered":"https:\/\/projectrainbow.cookcountyil.gov\/?page_id=364"},"modified":"2021-12-14T18:32:42","modified_gmt":"2021-12-14T18:32:42","slug":"lesson-3","status":"publish","type":"page","link":"https:\/\/projectrainbow.cookcountyil.gov\/es\/lesson-3\/","title":{"rendered":"Lecci\u00f3n 3 \u2013 La letra R"},"content":{"rendered":"<div id=\"fws_69d7b1e0b21f9\"  data-column-margin=\"default\" data-midnight=\"dark\"  class=\"wpb_row vc_row-fluid vc_row\"  style=\"padding-top: 0px; padding-bottom: 0px; \"><div class=\"row-bg-wrap\" data-bg-animation=\"none\" data-bg-overlay=\"false\"><div class=\"inner-wrap\"><div class=\"row-bg viewport-desktop\"  style=\"\"><\/div><\/div><\/div><div class=\"row_col_wrap_12 col span_12 dark left\">\n\t<div  class=\"vc_col-sm-8 wpb_column column_container vc_column_container col no-extra-padding inherit_tablet inherit_phone\"  data-padding-pos=\"all\" data-has-bg-color=\"false\" data-bg-color=\"\" data-bg-opacity=\"1\" data-animation=\"\" data-delay=\"0\" >\n\t\t<div class=\"vc_column-inner\" >\n\t\t\t<div class=\"wpb_wrapper\">\n\t\t\t\t\r\n<div class=\"wpb_text_column wpb_content_element\" >\r\n\t<div class=\"wpb_wrapper\">\r\n\t\t<h1>Lecci\u00f3n tres<\/h1>\n<p>&nbsp;<\/p>\n<p>En esta lecci\u00f3n ense\u00f1aremos a ni\u00f1os de 3 a 4 a\u00f1os sobre el alfabeto. Esta lecci\u00f3n durar\u00e1 entre 6 y 8 minutos y se centrar\u00e1 en los siguientes objetivos:<\/p>\n<ol>\n<li>Con la ayuda del maestro, recita el alfabeto.<\/li>\n<li>Con la ayuda del maestro, haga coincidir algunas letras may\u00fasculas y min\u00fasculas del alfabeto.<\/li>\n<li>Con la ayuda del maestro, aislar y pronunciar el sonido inicial en palabras.<\/li>\n<li>Con la ayuda del maestro, demostrar comprensi\u00f3n de la correspondencia uno a uno de letras y sonidos.<\/li>\n<\/ol>\n\t<\/div>\r\n<\/div>\r\n\r\n\r\n\r\n\n\t\t\t<\/div> \n\t\t<\/div>\n\t<\/div> \n\n\t<div  class=\"vc_col-sm-4 wpb_column column_container vc_column_container col no-extra-padding inherit_tablet inherit_phone\"  data-padding-pos=\"all\" data-has-bg-color=\"false\" data-bg-color=\"\" data-bg-opacity=\"1\" data-animation=\"\" data-delay=\"0\" >\n\t\t<div class=\"vc_column-inner\" >\n\t\t\t<div class=\"wpb_wrapper\">\n\t\t\t\t<div class=\"img-with-aniamtion-wrap\" data-max-width=\"100%\" data-max-width-mobile=\"default\" data-shadow=\"none\" data-animation=\"flip-in-vertical\" >\r\n      <div class=\"inner\">\r\n        <div class=\"hover-wrap\"> \r\n          <div class=\"hover-wrap-inner\">\r\n            <img loading=\"lazy\" decoding=\"async\" class=\"img-with-animation skip-lazy\" data-delay=\"0\" height=\"409\" width=\"408\" data-animation=\"flip-in-vertical\" src=\"https:\/\/projectrainbow.cookcountyil.gov\/wp-content\/uploads\/2021\/08\/Thumbs-Up.png\" alt=\"\" srcset=\"https:\/\/projectrainbow.cookcountyil.gov\/wp-content\/uploads\/2021\/08\/Thumbs-Up.png 408w, https:\/\/projectrainbow.cookcountyil.gov\/wp-content\/uploads\/2021\/08\/Thumbs-Up-300x300.png 300w, https:\/\/projectrainbow.cookcountyil.gov\/wp-content\/uploads\/2021\/08\/Thumbs-Up-150x150.png 150w, https:\/\/projectrainbow.cookcountyil.gov\/wp-content\/uploads\/2021\/08\/Thumbs-Up-12x12.png 12w, https:\/\/projectrainbow.cookcountyil.gov\/wp-content\/uploads\/2021\/08\/Thumbs-Up-100x100.png 100w, https:\/\/projectrainbow.cookcountyil.gov\/wp-content\/uploads\/2021\/08\/Thumbs-Up-140x140.png 140w, https:\/\/projectrainbow.cookcountyil.gov\/wp-content\/uploads\/2021\/08\/Thumbs-Up-350x350.png 350w\" sizes=\"auto, (max-width: 408px) 100vw, 408px\" \/>\r\n          <\/div>\r\n        <\/div>\r\n      <\/div>\r\n    <\/div>\n\t\t\t<\/div> \n\t\t<\/div>\n\t<\/div> \n<\/div><\/div>\r\n\t\t<div id=\"fws_69d7b1e0b2d2b\"  data-column-margin=\"default\" data-midnight=\"dark\"  class=\"wpb_row vc_row-fluid vc_row\"  style=\"padding-top: 0px; padding-bottom: 0px; \"><div class=\"row-bg-wrap\" data-bg-animation=\"none\" data-bg-overlay=\"false\"><div class=\"inner-wrap\"><div class=\"row-bg viewport-desktop\"  style=\"\"><\/div><\/div><\/div><div class=\"row_col_wrap_12 col span_12 dark left\">\n\t<div  class=\"vc_col-sm-12 wpb_column column_container vc_column_container col no-extra-padding inherit_tablet inherit_phone\"  data-padding-pos=\"all\" data-has-bg-color=\"false\" data-bg-color=\"\" data-bg-opacity=\"1\" data-animation=\"\" data-delay=\"0\" >\n\t\t<div class=\"vc_column-inner\" >\n\t\t\t<div class=\"wpb_wrapper\">\n\t\t\t\t<div class=\"divider-wrap\" data-alignment=\"default\"><div style=\"margin-top: 12.5px; height: 2px; margin-bottom: 12.5px;\" data-width=\"100%\" data-animate=\"\" data-animation-delay=\"\" data-color=\"extra-color-gradient-2\" class=\"divider-border\"><\/div><\/div><div class=\"divider-wrap\" data-alignment=\"default\"><div style=\"height: 25px;\" class=\"divider\"><\/div><\/div>\r\n<div class=\"wpb_text_column wpb_content_element\" >\r\n\t<div class=\"wpb_wrapper\">\r\n\t\t<p><iframe loading=\"lazy\" title=\"Proyecto Rainbow\" width=\"1080\" height=\"608\" src=\"https:\/\/www.youtube.com\/embed\/videoseries?list=PL8GKxgb3LyNez6eQhoJCu5sJX5xDCkMQt\" frameborder=\"0\" allow=\"accelerometer; autoplay; clipboard-write; encrypted-media; gyroscope; picture-in-picture\" allowfullscreen><\/iframe><\/p>\n<h2>Contenido extra<\/h2>\n<p>El siguiente es material complementario para su estudiante. \u00a1Hemos incluido videos, libros y material para colorear adicionales para que su estudiante disfrute!<\/p>\n<h3>Videos:<\/h3>\n<ul>\n<li><a href=\"https:\/\/www.youtube.com\/watch?v=W5z941Xx2fM\" target=\"_blank\" rel=\"noopener\">Aprende la letra R<\/a><\/li>\n<li><a href=\"https:\/\/www.youtube.com\/watch?v=B3cQWN6QP5s\" target=\"_blank\" rel=\"noopener\">La canci\u00f3n de la letra R<\/a><\/li>\n<li><a href=\"https:\/\/www.youtube.com\/watch?v=Y4DqshRb_Po\" target=\"_blank\" rel=\"noopener\">Letra r<\/a><\/li>\n<li><a href=\"https:\/\/www.youtube.com\/watch?v=sJe70FE85is\" target=\"_blank\" rel=\"noopener\">\u00bfEst\u00e1s listo para R?<\/a><\/li>\n<\/ul>\n<h3>Libros:<\/h3>\n<ul>\n<li><a href=\"https:\/\/www.youtube.com\/watch?v=sti3PXBeVag\" target=\"_blank\" rel=\"noopener\">Plantar un arco iris<\/a><\/li>\n<li><a href=\"https:\/\/www.youtube.com\/watch?v=Z3cmddZh6t8\" target=\"_blank\" rel=\"noopener\">pez arcoiris<\/a><\/li>\n<li><a href=\"https:\/\/www.youtube.com\/watch?v=BPGRKCmf7bk\" target=\"_blank\" rel=\"noopener\">En la lluvia<\/a><\/li>\n<\/ul>\n<h3>Actividades electr\u00f3nicas:<\/h3>\n<ul>\n<li><a href=\"https:\/\/www.youtube.com\/watch?v=MmLkGi7-8Wk\" target=\"_blank\" rel=\"noopener\">Actividad de plantar un arco iris<\/a><\/li>\n<\/ul>\n<h3>Material imprimible:<\/h3>\n<ul>\n<li><a href=\"https:\/\/drive.google.com\/file\/d\/1nrxBHBJ8_uD4An8ZeNauZe8ETetrc07T\/view\" target=\"_blank\" rel=\"noopener\">Letra r<\/a><\/li>\n<li><a href=\"https:\/\/drive.google.com\/file\/d\/1OGJLHaciTGoB_NGFjZLVB-vrt4CHJ_WG\/view\" target=\"_blank\" rel=\"noopener\">Traza la letra R<\/a><\/li>\n<li><a href=\"https:\/\/drive.google.com\/file\/d\/1dQHmkRkMXngu9b3dB-_7WHVN2z_7o-RW\/view\" target=\"_blank\" rel=\"noopener\">Traza la letra r<\/a><\/li>\n<li><a href=\"https:\/\/drive.google.com\/file\/d\/1vULiBk1UQyD-4-sP02zfS_tOxCQfPntM\/view\" target=\"_blank\" rel=\"noopener\">Color y escritura de la letra R<\/a><\/li>\n<li><a href=\"https:\/\/drive.google.com\/file\/d\/10TFJjBLigeD0TD_lZW40iLcWSvqeRvpE\/view\" target=\"_blank\" rel=\"noopener\">Corona Letra R<\/a><\/li>\n<li><a href=\"https:\/\/drive.google.com\/file\/d\/1CgNA46Y1HAX7YbSwlo9f22GbkxPedsDr\/view\" target=\"_blank\" rel=\"noopener\">Encuentra la letra R<\/a><\/li>\n<li><a href=\"https:\/\/drive.google.com\/file\/d\/1zpccojP2AW28Rr13VoC4-RTm4DyNiKuS\/view\" target=\"_blank\" rel=\"noopener\">Letra R Para Colorear<\/a><\/li>\n<li><a href=\"https:\/\/drive.google.com\/file\/d\/1jwzd7W88v_vhJgQyk7vyg20wHjX8m0s-\/view\" target=\"_blank\" rel=\"noopener\">N\u00famero 3 Trazar, Color, Escribir<\/a><\/li>\n<li><a href=\"https:\/\/drive.google.com\/file\/d\/1I7ynZ_QqQv_PpUg-Pfamc2JPQ3cF4lAe\/view\" target=\"_blank\" rel=\"noopener\">Actividad de extensi\u00f3n n\u00famero 3<\/a><\/li>\n<li><a href=\"https:\/\/drive.google.com\/file\/d\/1FK2KCxr9BaatbkOsXA_hZIK3_ATibEAb\/view\" target=\"_blank\" rel=\"noopener\">Corona n\u00famero 3<\/a><\/li>\n<\/ul>\n<h3>Material imprimible (ESPA\u00d1OL)<\/h3>\n<ul>\n<li><a href=\"https:\/\/drive.google.com\/file\/d\/1PASk_WavcuN7V_c3B63XqzL2l1yDpaWr\/view\" target=\"_blank\" rel=\"noopener\">N\u00famero 3 traza, colerea, escribe<\/a><\/li>\n<li><a href=\"https:\/\/drive.google.com\/file\/d\/119Ne-kZ3DQ5pLOs1L04J2FPk-GE6gK8w\/view\" target=\"_blank\" rel=\"noopener\">N\u00famero 3 actividad de extensi\u00f3n<\/a><\/li>\n<li><a href=\"https:\/\/drive.google.com\/file\/d\/162Wm6tV_nEDcCLyJ7cSaKHkGwn4srgES\/view\" target=\"_blank\" rel=\"noopener\">Corona del n\u00famero 3<\/a><\/li>\n<\/ul>\n\t<\/div>\r\n<\/div>\r\n\r\n\r\n\r\n\n\t\t\t<\/div> \n\t\t<\/div>\n\t<\/div> \n<\/div><\/div>","protected":false},"excerpt":{"rendered":"Lecci\u00f3n tres En esta lecci\u00f3n ense\u00f1aremos el alfabeto a ni\u00f1os de 3 a 4 a\u00f1os. Esta lecci\u00f3n durar\u00e1 entre 6 y 8 minutos y se centrar\u00e1 en los siguientes objetivos: ...","protected":false},"author":4,"featured_media":0,"parent":0,"menu_order":0,"comment_status":"closed","ping_status":"closed","template":"","meta":{"footnotes":""},"class_list":["post-364","page","type-page","status-publish"],"yoast_head":"<!-- This site is optimized with the Yoast SEO plugin v25.5 - https:\/\/yoast.com\/wordpress\/plugins\/seo\/ -->\n<title>Lesson 3 - The Letter R - Project Rainbow<\/title>\n<meta name=\"robots\" content=\"index, follow, max-snippet:-1, max-image-preview:large, max-video-preview:-1\" \/>\n<link rel=\"canonical\" href=\"https:\/\/projectrainbow.cookcountyil.gov\/es\/lesson-3\/\" \/>\n<meta property=\"og:locale\" content=\"es_ES\" \/>\n<meta property=\"og:type\" content=\"article\" \/>\n<meta property=\"og:title\" content=\"Lesson 3 - The Letter R - Project Rainbow\" \/>\n<meta property=\"og:url\" content=\"https:\/\/projectrainbow.cookcountyil.gov\/es\/lesson-3\/\" \/>\n<meta property=\"og:site_name\" content=\"Project Rainbow\" \/>\n<meta property=\"article:modified_time\" content=\"2021-12-14T18:32:42+00:00\" \/>\n<meta name=\"twitter:card\" content=\"summary_large_image\" \/>\n<meta name=\"twitter:label1\" content=\"Est. reading time\" \/>\n\t<meta name=\"twitter:data1\" content=\"2 minutos\" \/>\n<script type=\"application\/ld+json\" class=\"yoast-schema-graph\">{\"@context\":\"https:\/\/schema.org\",\"@graph\":[{\"@type\":\"WebPage\",\"@id\":\"https:\/\/projectrainbow.cookcountyil.gov\/lesson-3\/\",\"url\":\"https:\/\/projectrainbow.cookcountyil.gov\/lesson-3\/\",\"name\":\"Lesson 3 - The Letter R - Project Rainbow\",\"isPartOf\":{\"@id\":\"https:\/\/projectrainbow.cookcountyil.gov\/#website\"},\"datePublished\":\"2021-08-03T19:43:56+00:00\",\"dateModified\":\"2021-12-14T18:32:42+00:00\",\"breadcrumb\":{\"@id\":\"https:\/\/projectrainbow.cookcountyil.gov\/lesson-3\/#breadcrumb\"},\"inLanguage\":\"es\",\"potentialAction\":[{\"@type\":\"ReadAction\",\"target\":[\"https:\/\/projectrainbow.cookcountyil.gov\/lesson-3\/\"]}]},{\"@type\":\"BreadcrumbList\",\"@id\":\"https:\/\/projectrainbow.cookcountyil.gov\/lesson-3\/#breadcrumb\",\"itemListElement\":[{\"@type\":\"ListItem\",\"position\":1,\"name\":\"Home\",\"item\":\"https:\/\/projectrainbow.cookcountyil.gov\/\"},{\"@type\":\"ListItem\",\"position\":2,\"name\":\"Lesson 3 &#8211; The Letter R\"}]},{\"@type\":\"WebSite\",\"@id\":\"https:\/\/projectrainbow.cookcountyil.gov\/#website\",\"url\":\"https:\/\/projectrainbow.cookcountyil.gov\/\",\"name\":\"Project Rainbow\",\"description\":\"\",\"potentialAction\":[{\"@type\":\"SearchAction\",\"target\":{\"@type\":\"EntryPoint\",\"urlTemplate\":\"https:\/\/projectrainbow.cookcountyil.gov\/?s={search_term_string}\"},\"query-input\":{\"@type\":\"PropertyValueSpecification\",\"valueRequired\":true,\"valueName\":\"search_term_string\"}}],\"inLanguage\":\"es\"}]}<\/script>\n<!-- \/ Yoast SEO plugin. -->","yoast_head_json":{"title":"Lesson 3 - The Letter R - Project Rainbow","robots":{"index":"index","follow":"follow","max-snippet":"max-snippet:-1","max-image-preview":"max-image-preview:large","max-video-preview":"max-video-preview:-1"},"canonical":"https:\/\/projectrainbow.cookcountyil.gov\/es\/lesson-3\/","og_locale":"es_ES","og_type":"article","og_title":"Lesson 3 - The Letter R - Project Rainbow","og_url":"https:\/\/projectrainbow.cookcountyil.gov\/es\/lesson-3\/","og_site_name":"Project Rainbow","article_modified_time":"2021-12-14T18:32:42+00:00","twitter_card":"summary_large_image","twitter_misc":{"Est. reading time":"2 minutos"},"schema":{"@context":"https:\/\/schema.org","@graph":[{"@type":"WebPage","@id":"https:\/\/projectrainbow.cookcountyil.gov\/lesson-3\/","url":"https:\/\/projectrainbow.cookcountyil.gov\/lesson-3\/","name":"Lesson 3 - The Letter R - Project Rainbow","isPartOf":{"@id":"https:\/\/projectrainbow.cookcountyil.gov\/#website"},"datePublished":"2021-08-03T19:43:56+00:00","dateModified":"2021-12-14T18:32:42+00:00","breadcrumb":{"@id":"https:\/\/projectrainbow.cookcountyil.gov\/lesson-3\/#breadcrumb"},"inLanguage":"es","potentialAction":[{"@type":"ReadAction","target":["https:\/\/projectrainbow.cookcountyil.gov\/lesson-3\/"]}]},{"@type":"BreadcrumbList","@id":"https:\/\/projectrainbow.cookcountyil.gov\/lesson-3\/#breadcrumb","itemListElement":[{"@type":"ListItem","position":1,"name":"Home","item":"https:\/\/projectrainbow.cookcountyil.gov\/"},{"@type":"ListItem","position":2,"name":"Lesson 3 &#8211; The Letter R"}]},{"@type":"WebSite","@id":"https:\/\/projectrainbow.cookcountyil.gov\/#website","url":"https:\/\/projectrainbow.cookcountyil.gov\/","name":"Proyecto Rainbow","description":"","potentialAction":[{"@type":"SearchAction","target":{"@type":"EntryPoint","urlTemplate":"https:\/\/projectrainbow.cookcountyil.gov\/?s={search_term_string}"},"query-input":{"@type":"PropertyValueSpecification","valueRequired":true,"valueName":"search_term_string"}}],"inLanguage":"es"}]}},"_links":{"self":[{"href":"https:\/\/projectrainbow.cookcountyil.gov\/es\/wp-json\/wp\/v2\/pages\/364","targetHints":{"allow":["GET"]}}],"collection":[{"href":"https:\/\/projectrainbow.cookcountyil.gov\/es\/wp-json\/wp\/v2\/pages"}],"about":[{"href":"https:\/\/projectrainbow.cookcountyil.gov\/es\/wp-json\/wp\/v2\/types\/page"}],"author":[{"embeddable":true,"href":"https:\/\/projectrainbow.cookcountyil.gov\/es\/wp-json\/wp\/v2\/users\/4"}],"replies":[{"embeddable":true,"href":"https:\/\/projectrainbow.cookcountyil.gov\/es\/wp-json\/wp\/v2\/comments?post=364"}],"version-history":[{"count":0,"href":"https:\/\/projectrainbow.cookcountyil.gov\/es\/wp-json\/wp\/v2\/pages\/364\/revisions"}],"wp:attachment":[{"href":"https:\/\/projectrainbow.cookcountyil.gov\/es\/wp-json\/wp\/v2\/media?parent=364"}],"curies":[{"name":"wp","href":"https:\/\/api.w.org\/{rel}","templated":true}]}}