
{"id":335,"date":"2021-08-02T19:50:59","date_gmt":"2021-08-02T19:50:59","guid":{"rendered":"https:\/\/projectrainbow.cookcountyil.gov\/?page_id=335"},"modified":"2021-12-14T18:33:12","modified_gmt":"2021-12-14T18:33:12","slug":"lesson-1","status":"publish","type":"page","link":"https:\/\/projectrainbow.cookcountyil.gov\/es\/lesson-1\/","title":{"rendered":"Lecci\u00f3n 1 \u2013 La letra C"},"content":{"rendered":"<div id=\"fws_69f1f72b8bd6c\"  data-column-margin=\"default\" data-midnight=\"dark\"  class=\"wpb_row vc_row-fluid vc_row\"  style=\"padding-top: 0px; padding-bottom: 0px; \"><div class=\"row-bg-wrap\" data-bg-animation=\"none\" data-bg-overlay=\"false\"><div class=\"inner-wrap\"><div class=\"row-bg viewport-desktop\"  style=\"\"><\/div><\/div><\/div><div class=\"row_col_wrap_12 col span_12 dark left\">\n\t<div  class=\"vc_col-sm-8 wpb_column column_container vc_column_container col no-extra-padding inherit_tablet inherit_phone\"  data-padding-pos=\"all\" data-has-bg-color=\"false\" data-bg-color=\"\" data-bg-opacity=\"1\" data-animation=\"\" data-delay=\"0\" >\n\t\t<div class=\"vc_column-inner\" >\n\t\t\t<div class=\"wpb_wrapper\">\n\t\t\t\t\r\n<div class=\"wpb_text_column wpb_content_element\" >\r\n\t<div class=\"wpb_wrapper\">\r\n\t\t<h1>Lecci\u00f3n uno<\/h1>\n<p>&nbsp;<\/p>\n<p>En esta lecci\u00f3n ense\u00f1aremos a ni\u00f1os de 3 a 4 a\u00f1os sobre el alfabeto. Esta lecci\u00f3n durar\u00e1 entre 6 y 8 minutos y se centrar\u00e1 en los siguientes objetivos:<\/p>\n<ol>\n<li>Siga instrucciones sencillas de uno y dos pasos.<\/li>\n<li>Con la ayuda del maestro, recita el alfabeto.<\/li>\n<li>Reconocer y nombrar algunas letras may\u00fasculas y min\u00fasculas del alfabeto.<\/li>\n<li>Con la ayuda del maestro, comience a formar algunas letras del alfabeto.<\/li>\n<li>Con la ayuda del maestro, demostrar comprensi\u00f3n de la correspondencia uno a uno de letras y sonidos.<\/li>\n<\/ol>\n\t<\/div>\r\n<\/div>\r\n\r\n\r\n\r\n\n\t\t\t<\/div> \n\t\t<\/div>\n\t<\/div> \n\n\t<div  class=\"vc_col-sm-4 wpb_column column_container vc_column_container col no-extra-padding inherit_tablet inherit_phone\"  data-padding-pos=\"all\" data-has-bg-color=\"false\" data-bg-color=\"\" data-bg-opacity=\"1\" data-animation=\"\" data-delay=\"0\" >\n\t\t<div class=\"vc_column-inner\" >\n\t\t\t<div class=\"wpb_wrapper\">\n\t\t\t\t<div class=\"img-with-aniamtion-wrap\" data-max-width=\"100%\" data-max-width-mobile=\"default\" data-shadow=\"none\" data-animation=\"flip-in-vertical\" >\r\n      <div class=\"inner\">\r\n        <div class=\"hover-wrap\"> \r\n          <div class=\"hover-wrap-inner\">\r\n            <img loading=\"lazy\" decoding=\"async\" class=\"img-with-animation skip-lazy\" data-delay=\"0\" height=\"361\" width=\"340\" data-animation=\"flip-in-vertical\" src=\"https:\/\/projectrainbow.cookcountyil.gov\/wp-content\/uploads\/2021\/08\/Congratulations-Dark-Mode-e1628198851282.png\" alt=\"\"  \/>\r\n          <\/div>\r\n        <\/div>\r\n      <\/div>\r\n    <\/div>\n\t\t\t<\/div> \n\t\t<\/div>\n\t<\/div> \n<\/div><\/div>\r\n\t\t<div id=\"fws_69f1f72b8c7e9\"  data-column-margin=\"default\" data-midnight=\"dark\"  class=\"wpb_row vc_row-fluid vc_row\"  style=\"padding-top: 0px; padding-bottom: 0px; \"><div class=\"row-bg-wrap\" data-bg-animation=\"none\" data-bg-overlay=\"false\"><div class=\"inner-wrap\"><div class=\"row-bg viewport-desktop\"  style=\"\"><\/div><\/div><\/div><div class=\"row_col_wrap_12 col span_12 dark left\">\n\t<div  class=\"vc_col-sm-12 wpb_column column_container vc_column_container col no-extra-padding inherit_tablet inherit_phone\"  data-padding-pos=\"all\" data-has-bg-color=\"false\" data-bg-color=\"\" data-bg-opacity=\"1\" data-animation=\"\" data-delay=\"0\" >\n\t\t<div class=\"vc_column-inner\" >\n\t\t\t<div class=\"wpb_wrapper\">\n\t\t\t\t<div class=\"divider-wrap\" data-alignment=\"default\"><div style=\"margin-top: 12.5px; height: 2px; margin-bottom: 12.5px;\" data-width=\"100%\" data-animate=\"\" data-animation-delay=\"\" data-color=\"extra-color-gradient-2\" class=\"divider-border\"><\/div><\/div><div class=\"divider-wrap\" data-alignment=\"default\"><div style=\"height: 25px;\" class=\"divider\"><\/div><\/div>\r\n<div class=\"wpb_text_column wpb_content_element\" >\r\n\t<div class=\"wpb_wrapper\">\r\n\t\t<p><iframe loading=\"lazy\" title=\"Proyecto Arco Iris - La Letra C\" width=\"1080\" height=\"608\" src=\"https:\/\/www.youtube.com\/embed\/kRLvh3UvjoI?list=PL8GKxgb3LyNez6eQhoJCu5sJX5xDCkMQt\" frameborder=\"0\" allow=\"accelerometer; autoplay; clipboard-write; encrypted-media; gyroscope; picture-in-picture\" allowfullscreen><\/iframe><\/p>\n<h2>Contenido extra<\/h2>\n<p>El siguiente es material complementario para su estudiante. \u00a1Hemos incluido videos, libros y material para colorear adicionales para que su estudiante disfrute!<\/p>\n<h3>Videos:<\/h3>\n<ul>\n<li><a href=\"https:\/\/www.youtube.com\/watch?v=SNgUoinyQUU\" target=\"_blank\" rel=\"noopener\">Aprende la letra C<\/a><\/li>\n<li><a href=\"https:\/\/www.youtube.com\/watch?v=hSk_fgAAjjs\" target=\"_blank\" rel=\"noopener\">La canci\u00f3n de la letra C<\/a><\/li>\n<li><a href=\"https:\/\/www.youtube.com\/watch?v=i9ubo45Qu7g\" target=\"_blank\" rel=\"noopener\">Letra c<\/a><\/li>\n<li><a href=\"https:\/\/www.youtube.com\/watch?v=GDnzj88O6aQ\" target=\"_blank\" rel=\"noopener\">Loco por C<\/a><\/li>\n<\/ul>\n<h3>Libros:<\/h3>\n<ul>\n<li><a href=\"https:\/\/www.youtube.com\/watch?v=AjohJiyvA0Q\" target=\"_blank\" rel=\"noopener\">Pintura de rat\u00f3n (versi\u00f3n en ingl\u00e9s)<\/a><\/li>\n<li><a href=\"https:\/\/www.youtube.com\/watch?v=drWZbtn3P2I\" target=\"_blank\" rel=\"noopener\">Pintura de rat\u00f3n (versi\u00f3n en espa\u00f1ol)<\/a><\/li>\n<\/ul>\n<h3>Actividades electr\u00f3nicas:<\/h3>\n<ul>\n<li><a href=\"https:\/\/docs.google.com\/presentation\/d\/1TIOmc-b_8EUxHvFz_ELZzadRFC-5oalfzQgvq-1KxtI\/edit#slide=id.ga1c415137a_0_0\" target=\"_blank\" rel=\"noopener\">Compromiso interactivo ABC<\/a><\/li>\n<\/ul>\n<h3>Material imprimible:<\/h3>\n<ul>\n<li><a href=\"https:\/\/drive.google.com\/file\/d\/1hmjTWXeDEwvI9-XLnn-c4izQpa_vCaac\/view\" target=\"_blank\" rel=\"noopener\">Letra c<\/a><\/li>\n<li><a href=\"https:\/\/drive.google.com\/file\/d\/16Py0vBJxjpSjHB8o-ACAvWLC6Hnjimce\/view\" target=\"_blank\" rel=\"noopener\">Traza la letra C<\/a><\/li>\n<li><a href=\"https:\/\/drive.google.com\/file\/d\/1X73ADsl9wfR_lyCoEyKm_3ZkyB9e-Ahi\/view\" target=\"_blank\" rel=\"noopener\">Traza la letra c<\/a><\/li>\n<li><a href=\"https:\/\/drive.google.com\/file\/d\/1Wy6Bwz203_TbtkqYAdo1DWHRdKe0oThD\/view\" target=\"_blank\" rel=\"noopener\">Color y escritura de la letra C<\/a><\/li>\n<li><a href=\"https:\/\/drive.google.com\/file\/d\/1hTaRJBYWuyJUDDM2tL0P2uYzc0unEAXA\/view\" target=\"_blank\" rel=\"noopener\">Corona Letra C<\/a><\/li>\n<li><a href=\"https:\/\/drive.google.com\/file\/d\/1pvT2CIgvy7-_DEW19afWDgX6V4FaFJUP\/view\" target=\"_blank\" rel=\"noopener\">Encuentra la letra C<\/a><\/li>\n<li><a href=\"https:\/\/drive.google.com\/file\/d\/1fcexAe1Dy29OqgXBGrP0u_SgPuTKNoUr\/view\" target=\"_blank\" rel=\"noopener\">Letra C Para Colorear<\/a><\/li>\n<li><a href=\"https:\/\/drive.google.com\/file\/d\/1lEkVs-94MAyqN4YyEdcLE1R3RtQlP2mb\/view\" target=\"_blank\" rel=\"noopener\">N\u00famero 1 Trazar, Color, Escribir<\/a><\/li>\n<li><a href=\"https:\/\/drive.google.com\/file\/d\/1ugRyYf7z_lkBu-0bOqMHIkNnxYX1vHOK\/view\" target=\"_blank\" rel=\"noopener\">Actividad de extensi\u00f3n n\u00famero 1<\/a><\/li>\n<li><a href=\"https:\/\/drive.google.com\/file\/d\/1Bismo-MTJ6kD08ZhdPQ6-kRsArFhmbRR\/view\" target=\"_blank\" rel=\"noopener\">Corona n\u00famero 1<\/a><\/li>\n<\/ul>\n<h3>Material imprimible (ESPA\u00d1OL)<\/h3>\n<ul>\n<li><a href=\"https:\/\/drive.google.com\/file\/d\/1sNAShKhQS-0fsAmxZ98cDezMfu0MYnm9\/view\" target=\"_blank\" rel=\"noopener\">N\u00famero 1 traza, colerea, escribe<\/a><\/li>\n<li><a href=\"https:\/\/drive.google.com\/file\/d\/1cXGR6BaZyrtW2dth0AxmY7yWePadyqhB\/view\" target=\"_blank\" rel=\"noopener\">N\u00famero 1 actividad de extensi\u00f3n<\/a><\/li>\n<li><a href=\"https:\/\/drive.google.com\/file\/d\/1-KJfNJt5TKPveeVwKPqg64BwaUTaLG0h\/view\" target=\"_blank\" rel=\"noopener\">Corona del n\u00famero 1<\/a><\/li>\n<\/ul>\n\t<\/div>\r\n<\/div>\r\n\r\n\r\n\r\n\n\t\t\t<\/div> \n\t\t<\/div>\n\t<\/div> \n<\/div><\/div>","protected":false},"excerpt":{"rendered":"Lecci\u00f3n uno En esta lecci\u00f3n ense\u00f1aremos el alfabeto a ni\u00f1os de 3 a 4 a\u00f1os. Esta lecci\u00f3n durar\u00e1 entre 6 y 8 minutos y se centrar\u00e1 en los siguientes objetivos: ...","protected":false},"author":4,"featured_media":0,"parent":0,"menu_order":0,"comment_status":"closed","ping_status":"closed","template":"","meta":{"footnotes":""},"class_list":["post-335","page","type-page","status-publish"],"yoast_head":"<!-- This site is optimized with the Yoast SEO plugin v25.5 - https:\/\/yoast.com\/wordpress\/plugins\/seo\/ -->\n<title>Lesson 1 - The Letter C - Project Rainbow<\/title>\n<meta name=\"robots\" content=\"index, follow, max-snippet:-1, max-image-preview:large, max-video-preview:-1\" \/>\n<link rel=\"canonical\" href=\"https:\/\/projectrainbow.cookcountyil.gov\/es\/lesson-1\/\" \/>\n<meta property=\"og:locale\" content=\"es_ES\" \/>\n<meta property=\"og:type\" content=\"article\" \/>\n<meta property=\"og:title\" content=\"Lesson 1 - The Letter C - Project Rainbow\" \/>\n<meta property=\"og:url\" content=\"https:\/\/projectrainbow.cookcountyil.gov\/es\/lesson-1\/\" \/>\n<meta property=\"og:site_name\" content=\"Project Rainbow\" \/>\n<meta property=\"article:modified_time\" content=\"2021-12-14T18:33:12+00:00\" \/>\n<meta name=\"twitter:card\" content=\"summary_large_image\" \/>\n<meta name=\"twitter:label1\" content=\"Est. reading time\" \/>\n\t<meta name=\"twitter:data1\" content=\"2 minutos\" \/>\n<script type=\"application\/ld+json\" class=\"yoast-schema-graph\">{\"@context\":\"https:\/\/schema.org\",\"@graph\":[{\"@type\":\"WebPage\",\"@id\":\"https:\/\/projectrainbow.cookcountyil.gov\/lesson-1\/\",\"url\":\"https:\/\/projectrainbow.cookcountyil.gov\/lesson-1\/\",\"name\":\"Lesson 1 - The Letter C - Project Rainbow\",\"isPartOf\":{\"@id\":\"https:\/\/projectrainbow.cookcountyil.gov\/#website\"},\"datePublished\":\"2021-08-02T19:50:59+00:00\",\"dateModified\":\"2021-12-14T18:33:12+00:00\",\"breadcrumb\":{\"@id\":\"https:\/\/projectrainbow.cookcountyil.gov\/lesson-1\/#breadcrumb\"},\"inLanguage\":\"es\",\"potentialAction\":[{\"@type\":\"ReadAction\",\"target\":[\"https:\/\/projectrainbow.cookcountyil.gov\/lesson-1\/\"]}]},{\"@type\":\"BreadcrumbList\",\"@id\":\"https:\/\/projectrainbow.cookcountyil.gov\/lesson-1\/#breadcrumb\",\"itemListElement\":[{\"@type\":\"ListItem\",\"position\":1,\"name\":\"Home\",\"item\":\"https:\/\/projectrainbow.cookcountyil.gov\/\"},{\"@type\":\"ListItem\",\"position\":2,\"name\":\"Lesson 1 &#8211; The Letter C\"}]},{\"@type\":\"WebSite\",\"@id\":\"https:\/\/projectrainbow.cookcountyil.gov\/#website\",\"url\":\"https:\/\/projectrainbow.cookcountyil.gov\/\",\"name\":\"Project Rainbow\",\"description\":\"\",\"potentialAction\":[{\"@type\":\"SearchAction\",\"target\":{\"@type\":\"EntryPoint\",\"urlTemplate\":\"https:\/\/projectrainbow.cookcountyil.gov\/?s={search_term_string}\"},\"query-input\":{\"@type\":\"PropertyValueSpecification\",\"valueRequired\":true,\"valueName\":\"search_term_string\"}}],\"inLanguage\":\"es\"}]}<\/script>\n<!-- \/ Yoast SEO plugin. -->","yoast_head_json":{"title":"Lesson 1 - The Letter C - Project Rainbow","robots":{"index":"index","follow":"follow","max-snippet":"max-snippet:-1","max-image-preview":"max-image-preview:large","max-video-preview":"max-video-preview:-1"},"canonical":"https:\/\/projectrainbow.cookcountyil.gov\/es\/lesson-1\/","og_locale":"es_ES","og_type":"article","og_title":"Lesson 1 - The Letter C - Project Rainbow","og_url":"https:\/\/projectrainbow.cookcountyil.gov\/es\/lesson-1\/","og_site_name":"Project Rainbow","article_modified_time":"2021-12-14T18:33:12+00:00","twitter_card":"summary_large_image","twitter_misc":{"Est. reading time":"2 minutos"},"schema":{"@context":"https:\/\/schema.org","@graph":[{"@type":"WebPage","@id":"https:\/\/projectrainbow.cookcountyil.gov\/lesson-1\/","url":"https:\/\/projectrainbow.cookcountyil.gov\/lesson-1\/","name":"Lesson 1 - The Letter C - Project Rainbow","isPartOf":{"@id":"https:\/\/projectrainbow.cookcountyil.gov\/#website"},"datePublished":"2021-08-02T19:50:59+00:00","dateModified":"2021-12-14T18:33:12+00:00","breadcrumb":{"@id":"https:\/\/projectrainbow.cookcountyil.gov\/lesson-1\/#breadcrumb"},"inLanguage":"es","potentialAction":[{"@type":"ReadAction","target":["https:\/\/projectrainbow.cookcountyil.gov\/lesson-1\/"]}]},{"@type":"BreadcrumbList","@id":"https:\/\/projectrainbow.cookcountyil.gov\/lesson-1\/#breadcrumb","itemListElement":[{"@type":"ListItem","position":1,"name":"Home","item":"https:\/\/projectrainbow.cookcountyil.gov\/"},{"@type":"ListItem","position":2,"name":"Lesson 1 &#8211; The Letter C"}]},{"@type":"WebSite","@id":"https:\/\/projectrainbow.cookcountyil.gov\/#website","url":"https:\/\/projectrainbow.cookcountyil.gov\/","name":"Proyecto Rainbow","description":"","potentialAction":[{"@type":"SearchAction","target":{"@type":"EntryPoint","urlTemplate":"https:\/\/projectrainbow.cookcountyil.gov\/?s={search_term_string}"},"query-input":{"@type":"PropertyValueSpecification","valueRequired":true,"valueName":"search_term_string"}}],"inLanguage":"es"}]}},"_links":{"self":[{"href":"https:\/\/projectrainbow.cookcountyil.gov\/es\/wp-json\/wp\/v2\/pages\/335","targetHints":{"allow":["GET"]}}],"collection":[{"href":"https:\/\/projectrainbow.cookcountyil.gov\/es\/wp-json\/wp\/v2\/pages"}],"about":[{"href":"https:\/\/projectrainbow.cookcountyil.gov\/es\/wp-json\/wp\/v2\/types\/page"}],"author":[{"embeddable":true,"href":"https:\/\/projectrainbow.cookcountyil.gov\/es\/wp-json\/wp\/v2\/users\/4"}],"replies":[{"embeddable":true,"href":"https:\/\/projectrainbow.cookcountyil.gov\/es\/wp-json\/wp\/v2\/comments?post=335"}],"version-history":[{"count":0,"href":"https:\/\/projectrainbow.cookcountyil.gov\/es\/wp-json\/wp\/v2\/pages\/335\/revisions"}],"wp:attachment":[{"href":"https:\/\/projectrainbow.cookcountyil.gov\/es\/wp-json\/wp\/v2\/media?parent=335"}],"curies":[{"name":"wp","href":"https:\/\/api.w.org\/{rel}","templated":true}]}}